{"id":19813,"date":"2022-01-31T06:59:52","date_gmt":"2022-01-31T06:59:52","guid":{"rendered":"https:\/\/www.ff-nitscha.at\/wptes\/?page_id=19813"},"modified":"2022-03-30T19:41:16","modified_gmt":"2022-03-30T18:41:16","slug":"notrufnummern","status":"publish","type":"page","link":"https:\/\/www.ff-nitscha.at\/?page_id=19813","title":{"rendered":"Notruf"},"content":{"rendered":"\t\t<div data-elementor-type=\"wp-page\" data-elementor-id=\"19813\" class=\"elementor elementor-19813\">\n\t\t\t\t\t\t<section class=\"elementor-section elementor-top-section elementor-element elementor-element-4474f20 elementor-section-boxed elementor-section-height-default elementor-section-height-default\" data-id=\"4474f20\" data-element_type=\"section\" data-e-type=\"section\">\n\t\t\t\t\t\t<div class=\"elementor-container elementor-column-gap-default\">\n\t\t\t\t\t<div class=\"elementor-column elementor-col-100 elementor-top-column elementor-element elementor-element-91336a7\" data-id=\"91336a7\" data-element_type=\"column\" data-e-type=\"column\">\n\t\t\t<div class=\"elementor-widget-wrap elementor-element-populated\">\n\t\t\t\t\t\t<div class=\"elementor-element elementor-element-111ee60 elementor-widget elementor-widget-heading\" data-id=\"111ee60\" data-element_type=\"widget\" data-e-type=\"widget\" data-widget_type=\"heading.default\">\n\t\t\t\t<div class=\"elementor-widget-container\">\n\t\t\t\t\t<h2 class=\"elementor-heading-title elementor-size-default\">Notrufnummern<\/h2>\t\t\t\t<\/div>\n\t\t\t\t<\/div>\n\t\t\t\t\t<\/div>\n\t\t<\/div>\n\t\t\t\t\t<\/div>\n\t\t<\/section>\n\t\t\t\t<section class=\"elementor-section elementor-top-section elementor-element elementor-element-db78938 elementor-section-boxed elementor-section-height-default elementor-section-height-default\" data-id=\"db78938\" data-element_type=\"section\" data-e-type=\"section\">\n\t\t\t\t\t\t<div class=\"elementor-container elementor-column-gap-default\">\n\t\t\t\t\t<div class=\"elementor-column elementor-col-100 elementor-top-column elementor-element elementor-element-4f0ab64\" data-id=\"4f0ab64\" data-element_type=\"column\" data-e-type=\"column\">\n\t\t\t<div class=\"elementor-widget-wrap elementor-element-populated\">\n\t\t\t\t\t\t<div class=\"elementor-element elementor-element-a507b90 elementor-widget elementor-widget-text-editor\" data-id=\"a507b90\" data-element_type=\"widget\" data-e-type=\"widget\" data-widget_type=\"text-editor.default\">\n\t\t\t\t<div class=\"elementor-widget-container\">\n\t\t\t\t\t\t\t\t\t<p>Die wichtigsten\u00a0<strong>Notrufnummern\u00a0<\/strong>auf einem Blick:<\/p><p>\u00a0<\/p><p><strong>Feuerwehr<\/strong>\u00a0122<br \/><strong>Polizei<\/strong>\u00a0133<br \/><strong>Rettung<\/strong>\u00a0144<\/p><p><strong>\u00c4rzte-Notdienst<\/strong>\u00a0141<br \/><strong>Bergrettung<\/strong>\u00a0140<br \/><strong>Vergiftungs-Notruf\u00a0<\/strong>01\/4064343-0<\/p><p>\u00a0<\/p>\t\t\t\t\t\t\t\t<\/div>\n\t\t\t\t<\/div>\n\t\t\t\t\t<\/div>\n\t\t<\/div>\n\t\t\t\t\t<\/div>\n\t\t<\/section>\n\t\t\t\t<section class=\"elementor-section elementor-top-section elementor-element elementor-element-0fb4a98 elementor-section-boxed elementor-section-height-default elementor-section-height-default\" data-id=\"0fb4a98\" data-element_type=\"section\" data-e-type=\"section\">\n\t\t\t\t\t\t<div class=\"elementor-container elementor-column-gap-default\">\n\t\t\t\t\t<div class=\"elementor-column elementor-col-100 elementor-top-column elementor-element elementor-element-5236a9c\" data-id=\"5236a9c\" data-element_type=\"column\" data-e-type=\"column\">\n\t\t\t<div class=\"elementor-widget-wrap elementor-element-populated\">\n\t\t\t\t\t\t<div class=\"elementor-element elementor-element-9ded02e elementor-widget elementor-widget-heading\" data-id=\"9ded02e\" data-element_type=\"widget\" data-e-type=\"widget\" data-widget_type=\"heading.default\">\n\t\t\t\t<div class=\"elementor-widget-container\">\n\t\t\t\t\t<h2 class=\"elementor-heading-title elementor-size-default\"><h2 data-elementor-setting-key=\"title\" data-pen-placeholder=\"Eingabe hier...\" style=\"font-size: 1.76471rem;font-style: normal\">Alarmierung<\/h2><\/h2>\t\t\t\t<\/div>\n\t\t\t\t<\/div>\n\t\t\t\t\t<\/div>\n\t\t<\/div>\n\t\t\t\t\t<\/div>\n\t\t<\/section>\n\t\t\t\t<section class=\"elementor-section elementor-top-section elementor-element elementor-element-fd0e1c2 elementor-section-boxed elementor-section-height-default elementor-section-height-default\" data-id=\"fd0e1c2\" data-element_type=\"section\" data-e-type=\"section\">\n\t\t\t\t\t\t<div class=\"elementor-container elementor-column-gap-default\">\n\t\t\t\t\t<div class=\"elementor-column elementor-col-100 elementor-top-column elementor-element elementor-element-3713e20\" data-id=\"3713e20\" data-element_type=\"column\" data-e-type=\"column\">\n\t\t\t<div class=\"elementor-widget-wrap elementor-element-populated\">\n\t\t\t\t\t\t<div class=\"elementor-element elementor-element-95f3703 elementor-widget elementor-widget-text-editor\" data-id=\"95f3703\" data-element_type=\"widget\" data-e-type=\"widget\" data-widget_type=\"text-editor.default\">\n\t\t\t\t<div class=\"elementor-widget-container\">\n\t\t\t\t\t\t\t\t\t<p>Was ist im Ernstfall zu tun:<\/p>\n<p><\/p>\n<p><strong>Alarmieren&nbsp;<\/strong>von Einsatzkr\u00e4ften<br><strong>Retten&nbsp;<\/strong>\u2013 Menschenrettung geht vor Brandbek\u00e4mpfung!<br><strong>L\u00f6schen&nbsp;<\/strong>mit zur Verf\u00fcgung stehenden L\u00f6schmitteln (Handfeuerl\u00f6scher, Wasser, L\u00f6schdecke\u2026)<\/p>\t\t\t\t\t\t\t\t<\/div>\n\t\t\t\t<\/div>\n\t\t\t\t\t<\/div>\n\t\t<\/div>\n\t\t\t\t\t<\/div>\n\t\t<\/section>\n\t\t\t\t<section class=\"elementor-section elementor-top-section elementor-element elementor-element-dcb9e41 elementor-section-boxed elementor-section-height-default elementor-section-height-default\" data-id=\"dcb9e41\" data-element_type=\"section\" data-e-type=\"section\">\n\t\t\t\t\t\t<div class=\"elementor-container elementor-column-gap-default\">\n\t\t\t\t\t<div class=\"elementor-column elementor-col-100 elementor-top-column elementor-element elementor-element-ffe081b\" data-id=\"ffe081b\" data-element_type=\"column\" data-e-type=\"column\">\n\t\t\t<div class=\"elementor-widget-wrap elementor-element-populated\">\n\t\t\t\t\t\t<div class=\"elementor-element elementor-element-9bd3dd8 elementor-widget elementor-widget-text-editor\" data-id=\"9bd3dd8\" data-element_type=\"widget\" data-e-type=\"widget\" data-widget_type=\"text-editor.default\">\n\t\t\t\t<div class=\"elementor-widget-container\">\n\t\t\t\t\t\t\t\t\t<p><a href=\"https:\/\/www.bmi.gv.at\/204\/Download\/files\/011_Brandschutzratgeber.pdf\" target=\"_blank\" rel=\"noopener\">Weitere wichtige Informationen finden sie im Brandschutzratgeber vom BM.I (PDF, ~ 3,9MB)<\/a><\/p>\t\t\t\t\t\t\t\t<\/div>\n\t\t\t\t<\/div>\n\t\t\t\t\t<\/div>\n\t\t<\/div>\n\t\t\t\t\t<\/div>\n\t\t<\/section>\n\t\t\t\t<section class=\"elementor-section elementor-top-section elementor-element elementor-element-8dcbbab elementor-section-boxed elementor-section-height-default elementor-section-height-default\" data-id=\"8dcbbab\" data-element_type=\"section\" data-e-type=\"section\">\n\t\t\t\t\t\t<div class=\"elementor-container elementor-column-gap-default\">\n\t\t\t\t\t<div class=\"elementor-column elementor-col-100 elementor-top-column elementor-element elementor-element-60aaaf0\" data-id=\"60aaaf0\" data-element_type=\"column\" data-e-type=\"column\">\n\t\t\t<div class=\"elementor-widget-wrap elementor-element-populated\">\n\t\t\t\t\t\t<div class=\"elementor-element elementor-element-f734421 elementor-widget elementor-widget-text-editor\" data-id=\"f734421\" data-element_type=\"widget\" data-e-type=\"widget\" data-widget_type=\"text-editor.default\">\n\t\t\t\t<div class=\"elementor-widget-container\">\n\t\t\t\t\t\t\t\t\t<p>Der Feuerwehr-Notruf 122 wird im gesamten Bezirk (bzw. Bereich Weiz) von einem Disponenten der Bereichswarnzentrale Weiz (im Feuerwehrzentrum Weiz, Florianigasse) oder in der Landesleitzentrale Steiermark (angesiedelt in der Feuerwehr- und Zivilschutzschule Lebring), die rund um die Uhr im Wechselbetrieb besetzt sind, entgegengenommen.<\/p><p>Jeder Anruf wird aufgezeichnet und kann zur\u00fcckverfolgt werden.<\/p><p>\u00a0<\/p><p><b>Folgende Informationen soll der Notruf enthalten<\/b><\/p><p>\u00a0<\/p><p><strong>WAS <\/strong>ist passiert<strong>?<\/strong> WAS brennt?<\/p><p><strong>WO<\/strong> ist der Notfall?<\/p><p>Genauen Einsatzort\/Unfallort bekannt geben: Hausnummer, Stra\u00dfenkilometer, markantes Bauwerk usw.<\/p><p><strong>WIE viele Verletzte<\/strong> oder Vermisste gibt es? Hinweise oder besondere Umst\u00e4nde&#8230;<\/p><p><strong>WER <\/strong>ruft an?<\/p><p>Name und Telefonnummer f\u00fcr eventuelle R\u00fcckfragen. Sofern m\u00f6glich unter der angegebenen Nummer erreichbar bleiben.<\/p>\t\t\t\t\t\t\t\t<\/div>\n\t\t\t\t<\/div>\n\t\t\t\t\t<\/div>\n\t\t<\/div>\n\t\t\t\t\t<\/div>\n\t\t<\/section>\n\t\t\t\t<section class=\"elementor-section elementor-top-section elementor-element elementor-element-b26b00e elementor-section-boxed elementor-section-height-default elementor-section-height-default\" data-id=\"b26b00e\" data-element_type=\"section\" data-e-type=\"section\">\n\t\t\t\t\t\t<div class=\"elementor-container elementor-column-gap-default\">\n\t\t\t\t\t<div class=\"elementor-column elementor-col-100 elementor-top-column elementor-element elementor-element-6948c4c\" data-id=\"6948c4c\" data-element_type=\"column\" data-e-type=\"column\">\n\t\t\t<div class=\"elementor-widget-wrap elementor-element-populated\">\n\t\t\t\t\t\t<div class=\"elementor-element elementor-element-08417aa elementor-widget elementor-widget-text-editor\" data-id=\"08417aa\" data-element_type=\"widget\" data-e-type=\"widget\" data-widget_type=\"text-editor.default\">\n\t\t\t\t<div class=\"elementor-widget-container\">\n\t\t\t\t\t\t\t\t\t<p><span style=\"background-color: rgb(255, 255, 255); font-style: inherit; font-weight: inherit; --wp-dark-mode-inline-bgcolor:#242525;\" data-darkreader-inline-bgcolor=\"\">Der Diensthabende der Leitstelle entscheidet, in welchen Zust\u00e4ndigkeitsbereich der Feuerwehr ein Einsatz f\u00e4llt und welche Feuerwehr alarmiert wird. Jeder Einsatz wird einem Alarmstichwort zugeordnet. F\u00fcr jede Feuerwehr gibt es je nach Alarmstichwort, Einsatzort und Tageszeit unterschiedliche Alarmpl\u00e4ne, nach denen eine oder mehrere Feuerwehren mittels &#8222;Stillem Alarm&#8220; oder &#8222;Sirenenalarm&#8220; alarmiert werden. Weiters werden, wenn n\u00f6tig, auch weitere Einsatzorganisationen wie Polizei oder Rotes Kreuz alarmiert.<\/span><br><\/p>\n<p><strong><br><\/strong><\/p>\n<p><strong>Die (steiermarkweit einheitlichen) Alarmstichw\u00f6rter, nach denen Eins\u00e4tze kategorisiert werden, sind:<\/strong><\/p>\n<p><strong>&nbsp;<\/strong><\/p>\n<p><b>Brandeins\u00e4tze:<\/b><\/p>\n<p>B01 &#8211; Brandsicherheitswache<\/p>\n<p>B02 &#8211; Rauchentwicklung, Kleinbrand<\/p>\n<p>B03 &#8211; Rauchfangbrand<\/p>\n<p>B04 &#8211; Brand einer elektrischen Anlage<\/p>\n<p>B05 &#8211; Zimmerbrand, Gartenhausbrand<\/p>\n<p>B06 &#8211; Brandmeldeanlagenalarm<\/p>\n<p>B07 &#8211; Gasbrand, Gasaustritt, Gasunfall<\/p>\n<p>B08 &#8211; Fahrzeugbrand<\/p>\n<p>B09 &#8211; Hecken-, Wiesen-, Wald- und B\u00f6schungsbrand<\/p>\n<p>B10 &#8211; Keller- und Tiefgaragenbrand, Carport-Brand<\/p>\n<p>B11 &#8211; Brand eines Schienenfahrzeuges<\/p>\n<p>B12 &#8211; Wohnhausbrand<\/p>\n<p>B13 &#8211; Wirtschaftsgeb\u00e4udebrand<\/p>\n<p>B14 &#8211; Brand in Geb\u00e4uden mit Menschenansammlungen<\/p>\n<p>(Schulen, Kinderg\u00e4rten, Veranstaltungshallen, Altenheime, &#8230;)<\/p>\n<p>B15 &#8211; Industrie-, Werkst\u00e4tten- und S\u00e4gewerksbrand<\/p>\n<p>B16 &#8211; Tunnelbrand<\/p>\n<p>B17 &#8211; Hochhausbrand<\/p>\n<p><\/p>\n<p><strong><br><\/strong><\/p><p><strong>Technische Eins\u00e4tze:<\/strong><\/p>\n<p>T01 &#8211; technische Hilfeleistung \/ Ger\u00e4tebeistellung<\/p>\n<p>T02 &#8211; T\u00fcr\u00f6ffnung, Lift\u00f6ffnung<\/p>\n<p>T03 &#8211; Fahrzeugbergung, Binden von Betriebsmitteln (ohne verletzte Personen)<\/p>\n<p>T03V &#8211; Verkehrsunfall mit verletzten Personen (nicht eingeklemmt)<\/p>\n<p>T04 &#8211; Auspumparbeiten<\/p>\n<p>T05 &#8211; Insektenbek\u00e4mpfung<\/p>\n<p>T06 &#8211; Suchaktion<\/p>\n<p>T07 &#8211; Unwettereinsatz, elementare Ereignisse<\/p>\n<p>T08 &#8211; Tierrettung<\/p>\n<p>T09 &#8211; Wasserdiensteinsatz<\/p>\n<p>T10 &#8211; Verkehrsunfall mit eingeklemmter Person<\/p>\n<p>T11 &#8211; Menschenrettung<\/p>\n<p>T12 &#8211; Busunfall<\/p>\n<p>T13 &#8211; Unfall Schienenfahrzeug<\/p>\n<p>T16 &#8211; Flugunfall<\/p>\n<p>T17 &#8211; Schadstoffeinsatz (\u00d6l, gef\u00e4hrliche Stoffe)<\/p>\n<p><\/p>\n<p><strong><br><\/strong><\/p><p><strong>Alarmierungen bei Brand- und technischen Eins\u00e4tzen<\/strong><\/p>\n<p><strong>&nbsp;<\/strong><\/p>\n<p>Je nach Einsatz kann die Feuerwehr Nitscha mittels Stillem Alarm oder Sirenenalarm alarmiert werden. Bei kleineren Eins\u00e4tzen (T01, T03) auf Gemeindestra\u00dfen am Abend oder in der Nacht wird die Feuerwehr \u00fcber Stillen Alarm alarmiert.&nbsp; Bei gr\u00f6\u00dferen Eins\u00e4tzen (T03V, T07, B02, B04, B08, B09) auf den Bundesstra\u00dfen, der Autobahn oder am Tag werden die Kameraden mittels Sirenenalarm zum Einsatz gerufen.<\/p>\n<p>Da bei Br\u00e4nden im Geb\u00e4ude (B05, B10, B12, B13\u2026) immer ein Atemschutz-Rettungstrupp auf Anfahrt sein muss und bei Verkehrsunf\u00e4llen mit eingeklemmter Person (T10) zwei hydraulische Rettungsger\u00e4te bereitstehen m\u00fcssen, werden bei diesen Eins\u00e4tzen automatisch eine oder mehrere Feuerwehren mit alarmiert.<\/p>\n<p><\/p>\n<p>Im Eingangsbereich sowie in der&nbsp;<strong>Umkleide<\/strong>&nbsp;werden die Einsatzdetails auf&nbsp;<strong>Informationsmonitoren<\/strong><strong>&nbsp;<\/strong>angezeigt. So stehen alle ben\u00f6tigten Informationen bez\u00fcglich Einsatzart, Einsatzort, eingesetzte Mitglieder sowie Kontaktpersonen und Zusatzinformationen bereit.<\/p>\t\t\t\t\t\t\t\t<\/div>\n\t\t\t\t<\/div>\n\t\t\t\t\t<\/div>\n\t\t<\/div>\n\t\t\t\t\t<\/div>\n\t\t<\/section>\n\t\t\t\t<section class=\"elementor-section elementor-top-section elementor-element elementor-element-5b79e41 elementor-section-boxed elementor-section-height-default elementor-section-height-default\" data-id=\"5b79e41\" data-element_type=\"section\" data-e-type=\"section\">\n\t\t\t\t\t\t<div class=\"elementor-container elementor-column-gap-default\">\n\t\t\t\t\t<div class=\"elementor-column elementor-col-50 elementor-top-column elementor-element elementor-element-f7000c2\" data-id=\"f7000c2\" data-element_type=\"column\" data-e-type=\"column\">\n\t\t\t<div class=\"elementor-widget-wrap elementor-element-populated\">\n\t\t\t\t\t\t<div class=\"elementor-element elementor-element-9872d30 elementor-widget elementor-widget-image\" data-id=\"9872d30\" data-element_type=\"widget\" data-e-type=\"widget\" data-widget_type=\"image.default\">\n\t\t\t\t<div class=\"elementor-widget-container\">\n\t\t\t\t\t\t\t\t\t\t\t\t\t\t\t\t<a href=\"https:\/\/www.ff-nitscha.at\/wp-content\/uploads\/2022\/03\/20210729_084052.jpg\" data-elementor-open-lightbox=\"yes\" data-elementor-lightbox-title=\"20210729_084052\" data-e-action-hash=\"#elementor-action%3Aaction%3Dlightbox%26settings%3DeyJpZCI6MjI1NTYsInVybCI6Imh0dHBzOlwvXC93d3cuZmYtbml0c2NoYS5hdFwvd3AtY29udGVudFwvdXBsb2Fkc1wvMjAyMlwvMDNcLzIwMjEwNzI5XzA4NDA1Mi5qcGcifQ%3D%3D\">\n\t\t\t\t\t\t\t<img fetchpriority=\"high\" decoding=\"async\" width=\"768\" height=\"576\" src=\"https:\/\/www.ff-nitscha.at\/wp-content\/uploads\/2022\/03\/20210729_084052-768x576.jpg\" class=\"attachment-medium_large size-medium_large wp-image-22556\" alt=\"\" srcset=\"https:\/\/www.ff-nitscha.at\/wp-content\/uploads\/2022\/03\/20210729_084052-768x576.jpg 768w, https:\/\/www.ff-nitscha.at\/wp-content\/uploads\/2022\/03\/20210729_084052-300x225.jpg 300w, https:\/\/www.ff-nitscha.at\/wp-content\/uploads\/2022\/03\/20210729_084052-1024x768.jpg 1024w, https:\/\/www.ff-nitscha.at\/wp-content\/uploads\/2022\/03\/20210729_084052.jpg 1200w\" sizes=\"(max-width: 768px) 100vw, 768px\" \/>\t\t\t\t\t\t\t\t<\/a>\n\t\t\t\t\t\t\t\t\t\t\t\t\t\t\t<\/div>\n\t\t\t\t<\/div>\n\t\t\t\t\t<\/div>\n\t\t<\/div>\n\t\t\t\t<div class=\"elementor-column elementor-col-50 elementor-top-column elementor-element elementor-element-3ad1f52\" data-id=\"3ad1f52\" data-element_type=\"column\" data-e-type=\"column\">\n\t\t\t<div class=\"elementor-widget-wrap elementor-element-populated\">\n\t\t\t\t\t\t<div class=\"elementor-element elementor-element-5c797f6 elementor-widget elementor-widget-image\" data-id=\"5c797f6\" data-element_type=\"widget\" data-e-type=\"widget\" data-widget_type=\"image.default\">\n\t\t\t\t<div class=\"elementor-widget-container\">\n\t\t\t\t\t\t\t\t\t\t\t\t\t\t\t\t<a href=\"https:\/\/www.ff-nitscha.at\/wp-content\/uploads\/2022\/03\/20210729_100001.jpg\" data-elementor-open-lightbox=\"yes\" data-elementor-lightbox-title=\"20210729_100001\" data-e-action-hash=\"#elementor-action%3Aaction%3Dlightbox%26settings%3DeyJpZCI6MjI1NTcsInVybCI6Imh0dHBzOlwvXC93d3cuZmYtbml0c2NoYS5hdFwvd3AtY29udGVudFwvdXBsb2Fkc1wvMjAyMlwvMDNcLzIwMjEwNzI5XzEwMDAwMS5qcGcifQ%3D%3D\">\n\t\t\t\t\t\t\t<img decoding=\"async\" width=\"225\" height=\"300\" src=\"https:\/\/www.ff-nitscha.at\/wp-content\/uploads\/2022\/03\/20210729_100001-225x300.jpg\" class=\"attachment-medium size-medium wp-image-22557\" alt=\"\" srcset=\"https:\/\/www.ff-nitscha.at\/wp-content\/uploads\/2022\/03\/20210729_100001-225x300.jpg 225w, https:\/\/www.ff-nitscha.at\/wp-content\/uploads\/2022\/03\/20210729_100001.jpg 675w\" sizes=\"(max-width: 225px) 100vw, 225px\" \/>\t\t\t\t\t\t\t\t<\/a>\n\t\t\t\t\t\t\t\t\t\t\t\t\t\t\t<\/div>\n\t\t\t\t<\/div>\n\t\t\t\t\t<\/div>\n\t\t<\/div>\n\t\t\t\t\t<\/div>\n\t\t<\/section>\n\t\t\t\t<\/div>\n\t\t","protected":false},"excerpt":{"rendered":"<p>Notrufnummern Die wichtigsten\u00a0Notrufnummern\u00a0auf einem Blick: \u00a0 Feuerwehr\u00a0122Polizei\u00a0133Rettung\u00a0144 \u00c4rzte-Notdienst\u00a0141Bergrettung\u00a0140Vergiftungs-Notruf\u00a001\/4064343-0 \u00a0 Alarmierung Was ist im Ernstfall zu tun: Alarmieren&nbsp;von Einsatzkr\u00e4ftenRetten&nbsp;\u2013 Menschenrettung geht vor Brandbek\u00e4mpfung!L\u00f6schen&nbsp;mit zur Verf\u00fcgung stehenden L\u00f6schmitteln (Handfeuerl\u00f6scher, Wasser, L\u00f6schdecke\u2026) Weitere wichtige Informationen finden sie im Brandschutzratgeber vom BM.I (PDF, ~ 3,9MB) Der Feuerwehr-Notruf 122 wird im gesamten Bezirk (bzw. Bereich Weiz) von einem Disponenten der [&hellip;]<\/p>\n","protected":false},"author":1,"featured_media":0,"parent":0,"menu_order":0,"comment_status":"closed","ping_status":"closed","template":"","meta":{"_acf_changed":false,"_eb_attr":"","site-sidebar-layout":"no-sidebar","site-content-layout":"page-builder","ast-site-content-layout":"","site-content-style":"default","site-sidebar-style":"default","ast-global-header-display":"","ast-banner-title-visibility":"","ast-main-header-display":"","ast-hfb-above-header-display":"","ast-hfb-below-header-display":"","ast-hfb-mobile-header-display":"","site-post-title":"disabled","ast-breadcrumbs-content":"","ast-featured-img":"disabled","footer-sml-layout":"","theme-transparent-header-meta":"","adv-header-id-meta":"","stick-header-meta":"","header-above-stick-meta":"","header-main-stick-meta":"","header-below-stick-meta":"","astra-migrate-meta-layouts":"default","ast-page-background-enabled":"default","ast-page-background-meta":{"desktop":{"background-color":"var(--ast-global-color-4)","background-image":"","background-repeat":"repeat","background-position":"center center","background-size":"auto","background-attachment":"scroll","background-type":"","background-media":"","overlay-type":"","overlay-color":"","overlay-opacity":"","overlay-gradient":""},"tablet":{"background-color":"","background-image":"","background-repeat":"repeat","background-position":"center center","background-size":"auto","background-attachment":"scroll","background-type":"","background-media":"","overlay-type":"","overlay-color":"","overlay-opacity":"","overlay-gradient":""},"mobile":{"background-color":"","background-image":"","background-repeat":"repeat","background-position":"center center","background-size":"auto","background-attachment":"scroll","background-type":"","background-media":"","overlay-type":"","overlay-color":"","overlay-opacity":"","overlay-gradient":""}},"ast-content-background-meta":{"desktop":{"background-color":"var(--ast-global-color-5)","background-image":"","background-repeat":"repeat","background-position":"center center","background-size":"auto","background-attachment":"scroll","background-type":"","background-media":"","overlay-type":"","overlay-color":"","overlay-opacity":"","overlay-gradient":""},"tablet":{"background-color":"var(--ast-global-color-5)","background-image":"","background-repeat":"repeat","background-position":"center center","background-size":"auto","background-attachment":"scroll","background-type":"","background-media":"","overlay-type":"","overlay-color":"","overlay-opacity":"","overlay-gradient":""},"mobile":{"background-color":"var(--ast-global-color-5)","background-image":"","background-repeat":"repeat","background-position":"center center","background-size":"auto","background-attachment":"scroll","background-type":"","background-media":"","overlay-type":"","overlay-color":"","overlay-opacity":"","overlay-gradient":""}},"ngg_post_thumbnail":0,"footnotes":""},"class_list":["post-19813","page","type-page","status-publish","hentry"],"acf":[],"_links":{"self":[{"href":"https:\/\/www.ff-nitscha.at\/index.php?rest_route=\/wp\/v2\/pages\/19813","targetHints":{"allow":["GET"]}}],"collection":[{"href":"https:\/\/www.ff-nitscha.at\/index.php?rest_route=\/wp\/v2\/pages"}],"about":[{"href":"https:\/\/www.ff-nitscha.at\/index.php?rest_route=\/wp\/v2\/types\/page"}],"author":[{"embeddable":true,"href":"https:\/\/www.ff-nitscha.at\/index.php?rest_route=\/wp\/v2\/users\/1"}],"replies":[{"embeddable":true,"href":"https:\/\/www.ff-nitscha.at\/index.php?rest_route=%2Fwp%2Fv2%2Fcomments&post=19813"}],"version-history":[{"count":45,"href":"https:\/\/www.ff-nitscha.at\/index.php?rest_route=\/wp\/v2\/pages\/19813\/revisions"}],"predecessor-version":[{"id":22954,"href":"https:\/\/www.ff-nitscha.at\/index.php?rest_route=\/wp\/v2\/pages\/19813\/revisions\/22954"}],"wp:attachment":[{"href":"https:\/\/www.ff-nitscha.at\/index.php?rest_route=%2Fwp%2Fv2%2Fmedia&parent=19813"}],"curies":[{"name":"wp","href":"https:\/\/api.w.org\/{rel}","templated":true}]}}