{"id":19818,"date":"2022-01-31T07:15:35","date_gmt":"2022-01-31T07:15:35","guid":{"rendered":"https:\/\/www.ff-nitscha.at\/wptes\/?page_id=19818"},"modified":"2022-04-17T09:05:23","modified_gmt":"2022-04-17T08:05:23","slug":"feuerloescher","status":"publish","type":"page","link":"https:\/\/www.ff-nitscha.at\/?page_id=19818","title":{"rendered":"Feuerl\u00f6scher"},"content":{"rendered":"\t\t<div data-elementor-type=\"wp-page\" data-elementor-id=\"19818\" class=\"elementor elementor-19818\">\n\t\t\t\t\t\t<section class=\"elementor-section elementor-top-section elementor-element elementor-element-eee43ea elementor-section-boxed elementor-section-height-default elementor-section-height-default\" data-id=\"eee43ea\" data-element_type=\"section\" data-e-type=\"section\">\n\t\t\t\t\t\t<div class=\"elementor-container elementor-column-gap-default\">\n\t\t\t\t\t<div class=\"elementor-column elementor-col-100 elementor-top-column elementor-element elementor-element-68b41b6\" data-id=\"68b41b6\" data-element_type=\"column\" data-e-type=\"column\">\n\t\t\t<div class=\"elementor-widget-wrap elementor-element-populated\">\n\t\t\t\t\t\t<div class=\"elementor-element elementor-element-0787dec elementor-widget elementor-widget-heading\" data-id=\"0787dec\" data-element_type=\"widget\" data-e-type=\"widget\" data-widget_type=\"heading.default\">\n\t\t\t\t<div class=\"elementor-widget-container\">\n\t\t\t\t\t<h2 class=\"elementor-heading-title elementor-size-default\">Brandklassen<\/h2>\t\t\t\t<\/div>\n\t\t\t\t<\/div>\n\t\t\t\t\t<\/div>\n\t\t<\/div>\n\t\t\t\t\t<\/div>\n\t\t<\/section>\n\t\t\t\t<section class=\"elementor-section elementor-top-section elementor-element elementor-element-d4dd2a9 elementor-section-boxed elementor-section-height-default elementor-section-height-default\" data-id=\"d4dd2a9\" data-element_type=\"section\" data-e-type=\"section\">\n\t\t\t\t\t\t<div class=\"elementor-container elementor-column-gap-default\">\n\t\t\t\t\t<div class=\"elementor-column elementor-col-100 elementor-top-column elementor-element elementor-element-b6782e3\" data-id=\"b6782e3\" data-element_type=\"column\" data-e-type=\"column\">\n\t\t\t<div class=\"elementor-widget-wrap elementor-element-populated\">\n\t\t\t\t\t\t<div class=\"elementor-element elementor-element-c859c3b elementor-widget elementor-widget-image\" data-id=\"c859c3b\" data-element_type=\"widget\" data-e-type=\"widget\" data-widget_type=\"image.default\">\n\t\t\t\t<div class=\"elementor-widget-container\">\n\t\t\t\t\t\t\t\t\t\t\t\t\t\t\t<img fetchpriority=\"high\" decoding=\"async\" width=\"541\" height=\"428\" src=\"https:\/\/www.ff-nitscha.at\/wp-content\/uploads\/2022\/01\/brandklassen.jpg\" class=\"attachment-large size-large wp-image-19820\" alt=\"Brandklassen\" srcset=\"https:\/\/www.ff-nitscha.at\/wp-content\/uploads\/2022\/01\/brandklassen.jpg 541w, https:\/\/www.ff-nitscha.at\/wp-content\/uploads\/2022\/01\/brandklassen-300x237.jpg 300w\" sizes=\"(max-width: 541px) 100vw, 541px\" \/>\t\t\t\t\t\t\t\t\t\t\t\t\t\t\t<\/div>\n\t\t\t\t<\/div>\n\t\t\t\t\t<\/div>\n\t\t<\/div>\n\t\t\t\t\t<\/div>\n\t\t<\/section>\n\t\t\t\t<section class=\"elementor-section elementor-top-section elementor-element elementor-element-7cc96cf elementor-section-boxed elementor-section-height-default elementor-section-height-default\" data-id=\"7cc96cf\" data-element_type=\"section\" data-e-type=\"section\">\n\t\t\t\t\t\t<div class=\"elementor-container elementor-column-gap-default\">\n\t\t\t\t\t<div class=\"elementor-column elementor-col-100 elementor-top-column elementor-element elementor-element-4ccf3bb\" data-id=\"4ccf3bb\" data-element_type=\"column\" data-e-type=\"column\">\n\t\t\t<div class=\"elementor-widget-wrap elementor-element-populated\">\n\t\t\t\t\t\t<div class=\"elementor-element elementor-element-207375c elementor-widget elementor-widget-text-editor\" data-id=\"207375c\" data-element_type=\"widget\" data-e-type=\"widget\" data-widget_type=\"text-editor.default\">\n\t\t\t\t<div class=\"elementor-widget-container\">\n\t\t\t\t\t\t\t\t\t<p><a href=\"https:\/\/www.safety-feuerloeschtechnik.de\/brandklassen\/\"><em>Copyright \u00a9 Safety-Feuerl\u00f6schtechnik 2012<\/em><\/a><\/p>\t\t\t\t\t\t\t\t<\/div>\n\t\t\t\t<\/div>\n\t\t\t\t\t<\/div>\n\t\t<\/div>\n\t\t\t\t\t<\/div>\n\t\t<\/section>\n\t\t\t\t<section class=\"elementor-section elementor-top-section elementor-element elementor-element-2bc2ba8 elementor-section-boxed elementor-section-height-default elementor-section-height-default\" data-id=\"2bc2ba8\" data-element_type=\"section\" data-e-type=\"section\">\n\t\t\t\t\t\t<div class=\"elementor-container elementor-column-gap-default\">\n\t\t\t\t\t<div class=\"elementor-column elementor-col-100 elementor-top-column elementor-element elementor-element-79f0a82\" data-id=\"79f0a82\" data-element_type=\"column\" data-e-type=\"column\">\n\t\t\t<div class=\"elementor-widget-wrap elementor-element-populated\">\n\t\t\t\t\t\t<div class=\"elementor-element elementor-element-b6f75e1 elementor-widget elementor-widget-text-editor\" data-id=\"b6f75e1\" data-element_type=\"widget\" data-e-type=\"widget\" data-widget_type=\"text-editor.default\">\n\t\t\t\t<div class=\"elementor-widget-container\">\n\t\t\t\t\t\t\t\t\t<p><strong>Um die Funktion des Feuerl\u00f6schers zu gew\u00e4hrleisten, muss dieser&nbsp; alle zwei Jahre gepr\u00fcft werden. \u00dcberpr\u00fcfungen finden alle zwei Jahre bei uns im Feuerwehrhaus statt.<\/strong><\/p>\t\t\t\t\t\t\t\t<\/div>\n\t\t\t\t<\/div>\n\t\t\t\t\t<\/div>\n\t\t<\/div>\n\t\t\t\t\t<\/div>\n\t\t<\/section>\n\t\t\t\t<section class=\"elementor-section elementor-top-section elementor-element elementor-element-c5dd64e elementor-section-boxed elementor-section-height-default elementor-section-height-default\" data-id=\"c5dd64e\" data-element_type=\"section\" data-e-type=\"section\">\n\t\t\t\t\t\t<div class=\"elementor-container elementor-column-gap-default\">\n\t\t\t\t\t<div class=\"elementor-column elementor-col-100 elementor-top-column elementor-element elementor-element-ea25921\" data-id=\"ea25921\" data-element_type=\"column\" data-e-type=\"column\">\n\t\t\t<div class=\"elementor-widget-wrap elementor-element-populated\">\n\t\t\t\t\t\t<div class=\"elementor-element elementor-element-4754fd0 elementor-widget elementor-widget-heading\" data-id=\"4754fd0\" data-element_type=\"widget\" data-e-type=\"widget\" data-widget_type=\"heading.default\">\n\t\t\t\t<div class=\"elementor-widget-container\">\n\t\t\t\t\t<h2 class=\"elementor-heading-title elementor-size-default\">Handhabung<\/h2>\t\t\t\t<\/div>\n\t\t\t\t<\/div>\n\t\t\t\t\t<\/div>\n\t\t<\/div>\n\t\t\t\t\t<\/div>\n\t\t<\/section>\n\t\t\t\t<section class=\"elementor-section elementor-top-section elementor-element elementor-element-ef5bb31 elementor-section-boxed elementor-section-height-default elementor-section-height-default\" data-id=\"ef5bb31\" data-element_type=\"section\" data-e-type=\"section\">\n\t\t\t\t\t\t<div class=\"elementor-container elementor-column-gap-default\">\n\t\t\t\t\t<div class=\"elementor-column elementor-col-100 elementor-top-column elementor-element elementor-element-60f7736\" data-id=\"60f7736\" data-element_type=\"column\" data-e-type=\"column\">\n\t\t\t<div class=\"elementor-widget-wrap elementor-element-populated\">\n\t\t\t\t\t\t<div class=\"elementor-element elementor-element-dbce602 elementor-widget elementor-widget-image\" data-id=\"dbce602\" data-element_type=\"widget\" data-e-type=\"widget\" data-widget_type=\"image.default\">\n\t\t\t\t<div class=\"elementor-widget-container\">\n\t\t\t\t\t\t\t\t\t\t\t\t\t\t\t<img decoding=\"async\" width=\"562\" height=\"797\" src=\"https:\/\/www.ff-nitscha.at\/wp-content\/uploads\/2022\/01\/Screenshot-2022-01-31-081658-min.png\" class=\"attachment-large size-large wp-image-19822\" alt=\"\" srcset=\"https:\/\/www.ff-nitscha.at\/wp-content\/uploads\/2022\/01\/Screenshot-2022-01-31-081658-min.png 562w, https:\/\/www.ff-nitscha.at\/wp-content\/uploads\/2022\/01\/Screenshot-2022-01-31-081658-min-212x300.png 212w\" sizes=\"(max-width: 562px) 100vw, 562px\" \/>\t\t\t\t\t\t\t\t\t\t\t\t\t\t\t<\/div>\n\t\t\t\t<\/div>\n\t\t\t\t\t<\/div>\n\t\t<\/div>\n\t\t\t\t\t<\/div>\n\t\t<\/section>\n\t\t\t\t<section class=\"elementor-section elementor-top-section elementor-element elementor-element-8c25ba3 elementor-section-boxed elementor-section-height-default elementor-section-height-default\" data-id=\"8c25ba3\" data-element_type=\"section\" data-e-type=\"section\">\n\t\t\t\t\t\t<div class=\"elementor-container elementor-column-gap-default\">\n\t\t\t\t\t<div class=\"elementor-column elementor-col-100 elementor-top-column elementor-element elementor-element-7432635\" data-id=\"7432635\" data-element_type=\"column\" data-e-type=\"column\">\n\t\t\t<div class=\"elementor-widget-wrap elementor-element-populated\">\n\t\t\t\t\t\t<div class=\"elementor-element elementor-element-451b159 elementor-widget elementor-widget-text-editor\" data-id=\"451b159\" data-element_type=\"widget\" data-e-type=\"widget\" data-widget_type=\"text-editor.default\">\n\t\t\t\t<div class=\"elementor-widget-container\">\n\t\t\t\t\t\t\t\t\t<p><em><a href=\"https:\/\/www.bmi.gv.at\/204\/Download\/files\/013_Brandschutzratgeber_Tafeln.pdf\">Copyright \u00a9&nbsp; BM.I<\/a><\/em><\/p>\t\t\t\t\t\t\t\t<\/div>\n\t\t\t\t<\/div>\n\t\t\t\t\t<\/div>\n\t\t<\/div>\n\t\t\t\t\t<\/div>\n\t\t<\/section>\n\t\t\t\t<\/div>\n\t\t","protected":false},"excerpt":{"rendered":"<p>Brandklassen Copyright \u00a9 Safety-Feuerl\u00f6schtechnik 2012 Um die Funktion des Feuerl\u00f6schers zu gew\u00e4hrleisten, muss dieser&nbsp; alle zwei Jahre gepr\u00fcft werden. \u00dcberpr\u00fcfungen finden alle zwei Jahre bei uns im Feuerwehrhaus statt. Handhabung Copyright \u00a9&nbsp; BM.I<\/p>\n","protected":false},"author":1,"featured_media":0,"parent":0,"menu_order":0,"comment_status":"closed","ping_status":"closed","template":"","meta":{"_acf_changed":false,"_eb_attr":"","site-sidebar-layout":"no-sidebar","site-content-layout":"page-builder","ast-site-content-layout":"","site-content-style":"default","site-sidebar-style":"default","ast-global-header-display":"","ast-banner-title-visibility":"","ast-main-header-display":"","ast-hfb-above-header-display":"","ast-hfb-below-header-display":"","ast-hfb-mobile-header-display":"","site-post-title":"disabled","ast-breadcrumbs-content":"","ast-featured-img":"disabled","footer-sml-layout":"","theme-transparent-header-meta":"","adv-header-id-meta":"","stick-header-meta":"","header-above-stick-meta":"","header-main-stick-meta":"","header-below-stick-meta":"","astra-migrate-meta-layouts":"default","ast-page-background-enabled":"default","ast-page-background-meta":{"desktop":{"background-color":"var(--ast-global-color-4)","background-image":"","background-repeat":"repeat","background-position":"center center","background-size":"auto","background-attachment":"scroll","background-type":"","background-media":"","overlay-type":"","overlay-color":"","overlay-opacity":"","overlay-gradient":""},"tablet":{"background-color":"","background-image":"","background-repeat":"repeat","background-position":"center center","background-size":"auto","background-attachment":"scroll","background-type":"","background-media":"","overlay-type":"","overlay-color":"","overlay-opacity":"","overlay-gradient":""},"mobile":{"background-color":"","background-image":"","background-repeat":"repeat","background-position":"center center","background-size":"auto","background-attachment":"scroll","background-type":"","background-media":"","overlay-type":"","overlay-color":"","overlay-opacity":"","overlay-gradient":""}},"ast-content-background-meta":{"desktop":{"background-color":"var(--ast-global-color-5)","background-image":"","background-repeat":"repeat","background-position":"center center","background-size":"auto","background-attachment":"scroll","background-type":"","background-media":"","overlay-type":"","overlay-color":"","overlay-opacity":"","overlay-gradient":""},"tablet":{"background-color":"var(--ast-global-color-5)","background-image":"","background-repeat":"repeat","background-position":"center center","background-size":"auto","background-attachment":"scroll","background-type":"","background-media":"","overlay-type":"","overlay-color":"","overlay-opacity":"","overlay-gradient":""},"mobile":{"background-color":"var(--ast-global-color-5)","background-image":"","background-repeat":"repeat","background-position":"center center","background-size":"auto","background-attachment":"scroll","background-type":"","background-media":"","overlay-type":"","overlay-color":"","overlay-opacity":"","overlay-gradient":""}},"ngg_post_thumbnail":0,"footnotes":""},"class_list":["post-19818","page","type-page","status-publish","hentry"],"acf":[],"_links":{"self":[{"href":"https:\/\/www.ff-nitscha.at\/index.php?rest_route=\/wp\/v2\/pages\/19818","targetHints":{"allow":["GET"]}}],"collection":[{"href":"https:\/\/www.ff-nitscha.at\/index.php?rest_route=\/wp\/v2\/pages"}],"about":[{"href":"https:\/\/www.ff-nitscha.at\/index.php?rest_route=\/wp\/v2\/types\/page"}],"author":[{"embeddable":true,"href":"https:\/\/www.ff-nitscha.at\/index.php?rest_route=\/wp\/v2\/users\/1"}],"replies":[{"embeddable":true,"href":"https:\/\/www.ff-nitscha.at\/index.php?rest_route=%2Fwp%2Fv2%2Fcomments&post=19818"}],"version-history":[{"count":16,"href":"https:\/\/www.ff-nitscha.at\/index.php?rest_route=\/wp\/v2\/pages\/19818\/revisions"}],"predecessor-version":[{"id":23069,"href":"https:\/\/www.ff-nitscha.at\/index.php?rest_route=\/wp\/v2\/pages\/19818\/revisions\/23069"}],"wp:attachment":[{"href":"https:\/\/www.ff-nitscha.at\/index.php?rest_route=%2Fwp%2Fv2%2Fmedia&parent=19818"}],"curies":[{"name":"wp","href":"https:\/\/api.w.org\/{rel}","templated":true}]}}