{"id":20483,"date":"2022-02-01T18:27:03","date_gmt":"2022-02-01T18:27:03","guid":{"rendered":"https:\/\/www.ff-nitscha.at\/wptes\/?page_id=20483"},"modified":"2022-03-30T18:35:12","modified_gmt":"2022-03-30T17:35:12","slug":"technische-hilfeleistungspruefung","status":"publish","type":"page","link":"https:\/\/www.ff-nitscha.at\/?page_id=20483","title":{"rendered":"Technische Hilfeleistungspr\u00fcfung"},"content":{"rendered":"\t\t<div data-elementor-type=\"wp-page\" data-elementor-id=\"20483\" class=\"elementor elementor-20483\">\n\t\t\t\t\t\t<section class=\"elementor-section elementor-top-section elementor-element elementor-element-c198858 elementor-section-boxed elementor-section-height-default elementor-section-height-default\" data-id=\"c198858\" data-element_type=\"section\" data-e-type=\"section\">\n\t\t\t\t\t\t<div class=\"elementor-container elementor-column-gap-default\">\n\t\t\t\t\t<div class=\"elementor-column elementor-col-100 elementor-top-column elementor-element elementor-element-9cd09e9\" data-id=\"9cd09e9\" data-element_type=\"column\" data-e-type=\"column\">\n\t\t\t<div class=\"elementor-widget-wrap elementor-element-populated\">\n\t\t\t\t\t\t<div class=\"elementor-element elementor-element-87735af elementor-widget elementor-widget-heading\" data-id=\"87735af\" data-element_type=\"widget\" data-e-type=\"widget\" data-widget_type=\"heading.default\">\n\t\t\t\t<div class=\"elementor-widget-container\">\n\t\t\t\t\t<h2 class=\"elementor-heading-title elementor-size-default\">Technische Hilfeleistungspr\u00fcfung (THLP)<\/h2>\t\t\t\t<\/div>\n\t\t\t\t<\/div>\n\t\t\t\t\t<\/div>\n\t\t<\/div>\n\t\t\t\t\t<\/div>\n\t\t<\/section>\n\t\t\t\t<section class=\"elementor-section elementor-top-section elementor-element elementor-element-34fff06 elementor-section-boxed elementor-section-height-default elementor-section-height-default\" data-id=\"34fff06\" data-element_type=\"section\" data-e-type=\"section\">\n\t\t\t\t\t\t<div class=\"elementor-container elementor-column-gap-default\">\n\t\t\t\t\t<div class=\"elementor-column elementor-col-100 elementor-top-column elementor-element elementor-element-a8070c3\" data-id=\"a8070c3\" data-element_type=\"column\" data-e-type=\"column\">\n\t\t\t<div class=\"elementor-widget-wrap elementor-element-populated\">\n\t\t\t\t\t\t<div class=\"elementor-element elementor-element-e413782 elementor-widget elementor-widget-text-editor\" data-id=\"e413782\" data-element_type=\"widget\" data-e-type=\"widget\" data-widget_type=\"text-editor.default\">\n\t\t\t\t<div class=\"elementor-widget-container\">\n\t\t\t\t\t\t\t\t\t<p>Diese Pr\u00fcfung besteht aus zwei Teilen. Beim ersten Teil wird die Fahrzeug- und Ger\u00e4tekunde abgefragt.<\/p><p>Bei dieser Pr\u00fcfung geht es darum, die Ger\u00e4tschaften (mehr als 100) im Fahrzeug bei geschlossener Jalousie mittels Handfl\u00e4che punktgenau anzuzeigen.<\/p><p>Im zweiten Teil der Pr\u00fcfung wird ein Verkehrsunfall bei Dunkelheit simuliert. Hier wird besonderes Augenmerk auf die richtige Handhabung der Ger\u00e4te und die Absicherung der Einsatzstelle geachtet.<\/p><p>Die Gruppe teilt sich in mehreren Trupps, den Rettungstrupp, den Ger\u00e4tetrupp, den Sicherungstrupp, dem Maschinisten, dem Melder und dem Gruppenkommandanten. Die Aufgabe des Rettungstrupps ist das Aufbauen und das richtige Arbeiten mittels hydraulischen Rettungsger\u00e4ts (Spreizer und Schere).<\/p><p>Der Ger\u00e4tetrupp ist f\u00fcr das Ausleuchten der Unfallstelle verantwortlich. Der Sicherungstrupp sichert die Unfallstelle mittels Verkehrsleitkegel ab, und stellt den Brandschutz mit Feuerl\u00f6scher und HD Rohr her.<\/p><p>Die Maschinisten bedienen die Einsatzfahrzeuge und erforderlichen Ger\u00e4te.<\/p><p>F\u00fcr die Einteilung der Gruppe ist der Gruppenkommandant verantwortlich. Er gibt Befehle und kontrolliert den Einsatzablauf und Einsatzfortschritt.<\/p><p>Der Melder erledigt die Einsatzdokumentation und ist f\u00fcr die Erste Hilfe verantwortlich.<\/p><p>Diese Pr\u00fcfung kann in den Stufen Bronze, Silber und Gold absolviert werden und bringt eine sehr schnelle und ruhige Handhabung der technischen Ger\u00e4ten bei Verkehrsunf\u00e4llen in die Mannschaft.<\/p>\t\t\t\t\t\t\t\t<\/div>\n\t\t\t\t<\/div>\n\t\t\t\t\t<\/div>\n\t\t<\/div>\n\t\t\t\t\t<\/div>\n\t\t<\/section>\n\t\t\t\t<section class=\"elementor-section elementor-top-section elementor-element elementor-element-6c671cf elementor-section-boxed elementor-section-height-default elementor-section-height-default\" data-id=\"6c671cf\" data-element_type=\"section\" data-e-type=\"section\">\n\t\t\t\t\t\t<div class=\"elementor-container elementor-column-gap-default\">\n\t\t\t\t\t<div class=\"elementor-column elementor-col-100 elementor-top-column elementor-element elementor-element-a107adc\" data-id=\"a107adc\" data-element_type=\"column\" data-e-type=\"column\">\n\t\t\t<div class=\"elementor-widget-wrap elementor-element-populated\">\n\t\t\t\t\t\t\t<\/div>\n\t\t<\/div>\n\t\t\t\t\t<\/div>\n\t\t<\/section>\n\t\t\t\t<\/div>\n\t\t","protected":false},"excerpt":{"rendered":"<p>Technische Hilfeleistungspr\u00fcfung (THLP) Diese Pr\u00fcfung besteht aus zwei Teilen. Beim ersten Teil wird die Fahrzeug- und Ger\u00e4tekunde abgefragt. Bei dieser Pr\u00fcfung geht es darum, die Ger\u00e4tschaften (mehr als 100) im Fahrzeug bei geschlossener Jalousie mittels Handfl\u00e4che punktgenau anzuzeigen. Im zweiten Teil der Pr\u00fcfung wird ein Verkehrsunfall bei Dunkelheit simuliert. Hier wird besonderes Augenmerk auf die [&hellip;]<\/p>\n","protected":false},"author":1,"featured_media":0,"parent":0,"menu_order":0,"comment_status":"closed","ping_status":"closed","template":"","meta":{"_acf_changed":false,"_eb_attr":"","site-sidebar-layout":"no-sidebar","site-content-layout":"page-builder","ast-site-content-layout":"","site-content-style":"default","site-sidebar-style":"default","ast-global-header-display":"","ast-banner-title-visibility":"","ast-main-header-display":"","ast-hfb-above-header-display":"","ast-hfb-below-header-display":"","ast-hfb-mobile-header-display":"","site-post-title":"disabled","ast-breadcrumbs-content":"","ast-featured-img":"disabled","footer-sml-layout":"","theme-transparent-header-meta":"","adv-header-id-meta":"","stick-header-meta":"","header-above-stick-meta":"","header-main-stick-meta":"","header-below-stick-meta":"","astra-migrate-meta-layouts":"default","ast-page-background-enabled":"default","ast-page-background-meta":{"desktop":{"background-color":"var(--ast-global-color-4)","background-image":"","background-repeat":"repeat","background-position":"center center","background-size":"auto","background-attachment":"scroll","background-type":"","background-media":"","overlay-type":"","overlay-color":"","overlay-opacity":"","overlay-gradient":""},"tablet":{"background-color":"","background-image":"","background-repeat":"repeat","background-position":"center center","background-size":"auto","background-attachment":"scroll","background-type":"","background-media":"","overlay-type":"","overlay-color":"","overlay-opacity":"","overlay-gradient":""},"mobile":{"background-color":"","background-image":"","background-repeat":"repeat","background-position":"center center","background-size":"auto","background-attachment":"scroll","background-type":"","background-media":"","overlay-type":"","overlay-color":"","overlay-opacity":"","overlay-gradient":""}},"ast-content-background-meta":{"desktop":{"background-color":"var(--ast-global-color-5)","background-image":"","background-repeat":"repeat","background-position":"center center","background-size":"auto","background-attachment":"scroll","background-type":"","background-media":"","overlay-type":"","overlay-color":"","overlay-opacity":"","overlay-gradient":""},"tablet":{"background-color":"var(--ast-global-color-5)","background-image":"","background-repeat":"repeat","background-position":"center center","background-size":"auto","background-attachment":"scroll","background-type":"","background-media":"","overlay-type":"","overlay-color":"","overlay-opacity":"","overlay-gradient":""},"mobile":{"background-color":"var(--ast-global-color-5)","background-image":"","background-repeat":"repeat","background-position":"center center","background-size":"auto","background-attachment":"scroll","background-type":"","background-media":"","overlay-type":"","overlay-color":"","overlay-opacity":"","overlay-gradient":""}},"ngg_post_thumbnail":0,"footnotes":""},"class_list":["post-20483","page","type-page","status-publish","hentry"],"acf":[],"_links":{"self":[{"href":"https:\/\/www.ff-nitscha.at\/index.php?rest_route=\/wp\/v2\/pages\/20483","targetHints":{"allow":["GET"]}}],"collection":[{"href":"https:\/\/www.ff-nitscha.at\/index.php?rest_route=\/wp\/v2\/pages"}],"about":[{"href":"https:\/\/www.ff-nitscha.at\/index.php?rest_route=\/wp\/v2\/types\/page"}],"author":[{"embeddable":true,"href":"https:\/\/www.ff-nitscha.at\/index.php?rest_route=\/wp\/v2\/users\/1"}],"replies":[{"embeddable":true,"href":"https:\/\/www.ff-nitscha.at\/index.php?rest_route=%2Fwp%2Fv2%2Fcomments&post=20483"}],"version-history":[{"count":22,"href":"https:\/\/www.ff-nitscha.at\/index.php?rest_route=\/wp\/v2\/pages\/20483\/revisions"}],"predecessor-version":[{"id":22898,"href":"https:\/\/www.ff-nitscha.at\/index.php?rest_route=\/wp\/v2\/pages\/20483\/revisions\/22898"}],"wp:attachment":[{"href":"https:\/\/www.ff-nitscha.at\/index.php?rest_route=%2Fwp%2Fv2%2Fmedia&parent=20483"}],"curies":[{"name":"wp","href":"https:\/\/api.w.org\/{rel}","templated":true}]}}