{"id":20485,"date":"2022-02-01T18:27:31","date_gmt":"2022-02-01T18:27:31","guid":{"rendered":"https:\/\/www.ff-nitscha.at\/wptes\/?page_id=20485"},"modified":"2022-03-11T17:17:29","modified_gmt":"2022-03-11T17:17:29","slug":"branddienstleistungspruefung","status":"publish","type":"page","link":"https:\/\/www.ff-nitscha.at\/?page_id=20485","title":{"rendered":"Branddienstleistungspr\u00fcfung"},"content":{"rendered":"\t\t<div data-elementor-type=\"wp-page\" data-elementor-id=\"20485\" class=\"elementor elementor-20485\">\n\t\t\t\t\t\t<section class=\"elementor-section elementor-top-section elementor-element elementor-element-30951fd elementor-section-boxed elementor-section-height-default elementor-section-height-default\" data-id=\"30951fd\" data-element_type=\"section\" data-e-type=\"section\">\n\t\t\t\t\t\t<div class=\"elementor-container elementor-column-gap-default\">\n\t\t\t\t\t<div class=\"elementor-column elementor-col-100 elementor-top-column elementor-element elementor-element-f813bd0\" data-id=\"f813bd0\" data-element_type=\"column\" data-e-type=\"column\">\n\t\t\t<div class=\"elementor-widget-wrap elementor-element-populated\">\n\t\t\t\t\t\t<div class=\"elementor-element elementor-element-87c991b elementor-widget elementor-widget-heading\" data-id=\"87c991b\" data-element_type=\"widget\" data-e-type=\"widget\" data-widget_type=\"heading.default\">\n\t\t\t\t<div class=\"elementor-widget-container\">\n\t\t\t\t\t<h2 class=\"elementor-heading-title elementor-size-default\">Branddienstleistungspr\u00fcfung (BDLP)<\/h2>\t\t\t\t<\/div>\n\t\t\t\t<\/div>\n\t\t\t\t\t<\/div>\n\t\t<\/div>\n\t\t\t\t\t<\/div>\n\t\t<\/section>\n\t\t\t\t<section class=\"elementor-section elementor-top-section elementor-element elementor-element-2374d80 elementor-section-boxed elementor-section-height-default elementor-section-height-default\" data-id=\"2374d80\" data-element_type=\"section\" data-e-type=\"section\">\n\t\t\t\t\t\t<div class=\"elementor-container elementor-column-gap-default\">\n\t\t\t\t\t<div class=\"elementor-column elementor-col-100 elementor-top-column elementor-element elementor-element-b799e22\" data-id=\"b799e22\" data-element_type=\"column\" data-e-type=\"column\">\n\t\t\t<div class=\"elementor-widget-wrap elementor-element-populated\">\n\t\t\t\t\t\t<div class=\"elementor-element elementor-element-686be0d elementor-widget elementor-widget-text-editor\" data-id=\"686be0d\" data-element_type=\"widget\" data-e-type=\"widget\" data-widget_type=\"text-editor.default\">\n\t\t\t\t<div class=\"elementor-widget-container\">\n\t\t\t\t\t\t\t\t\t<p>Zweck der Branddienstleistungspr\u00fcfung ist es, die Kenntnisse f\u00fcr den Brandfall zu vertiefen und ein geordnetes, dem Einsatzbefehl entsprechendes und zielf\u00fchrendes Zusammenarbeiten zu \u00fcben und zu festigen. Bei der BDLP treten Gruppen zu je sieben Personen an. Nach jeweils zwei Jahren ist ein Antreten zur n\u00e4chsth\u00f6heren Stufe m\u00f6glich. Dabei werden in der zweiten Stufe &#8222;Silber&#8220; die Positionen innerhalb von Angriffstrupp und Wassertrupp und in der Stufe &#8222;Gold&#8220; alle Trupppositionen ausgelost. Somit muss jeder Teilnehmer alle Positionen be\u00fcbt haben.<\/p>\n<p>Die Pr\u00fcfung selbst besteht aus verschiedenen Disziplinen, wobei jede Gruppe eine Disziplin in einer Sollzeit erf\u00fcllen muss. Die m\u00f6glichen Brandbek\u00e4mpfungsszenarien sind ein Scheunen-, Fl\u00fcssigkeits- und Holzstapelbrand.<\/p>\n<p>Beim Scheunenbrand f\u00fchrt der Angriffstrupp einen L\u00f6schangriff mittels HD \u2013 Rohr durch. Der Wassertrupp (WTF und WTM) legt eine Zubringleitung vom Hydranten zum Tankl\u00f6schfahrzeug und unterst\u00fctzen anschlie\u00dfend den Angriffstrupp (ATF und ATM) bei der Brandbek\u00e4mpfung mittels C \u2013 Rohr.<\/p>\n<p>Beim Fl\u00fcssigkeitsbrand legt der Wassertrupp (WTF und WTM) die Zubringleitung vom Hydranten zum Tankl\u00f6schfahrzeug. Danach bedienen sie den Zumischer und die Schaummittelzufuhr. Zeitgleich legt der Angriffstrupp (ATF und ATM) die entsprechenden Schl\u00e4uche aus und f\u00fchrt eine Brandbek\u00e4mpfung mittels Hitzeschutz und Schaumrohr durch.<\/p>\n<p>Beim Holzstapelbrand wird vom Angriffstrupp und Wassertrupp eine Brandbek\u00e4mpfung mittels B \u2013 Rohr durchgef\u00fchrt.<\/p>\n<p>Der Maschinist bedient bei allen Pr\u00fcfungsszenarien das Fahrzeug und die Einbaupumpe.<\/p>\n<p>F\u00fcr die Einsatzdokumentation und dem Funkverkehr ist der Melder verantwortlich.<\/p>\n<p>Der Gruppenkommandant gibt den Einsatzbefehl und teilt die Gruppe ein.<\/p>\n<p>Neben der praktischen Einsatzpr\u00fcfung m\u00fcssen die Feuerwehrfrauen und -m\u00e4nner auch wie bei der technischen Hilfeleistungspr\u00fcfung alle Ger\u00e4te im Fahrzeug bei geschlossener Jalousie punktgenau anzeigen k\u00f6nnen. Die maximal zul\u00e4ssige Abweichung von der tats\u00e4chlichen Position betr\u00e4gt eine Handbreite. Zus\u00e4tzlich m\u00fcssen noch theoretische Fragen beantwortet werden.<\/p>\t\t\t\t\t\t\t\t<\/div>\n\t\t\t\t<\/div>\n\t\t\t\t\t<\/div>\n\t\t<\/div>\n\t\t\t\t\t<\/div>\n\t\t<\/section>\n\t\t\t\t<section class=\"elementor-section elementor-top-section elementor-element elementor-element-faa4fad elementor-section-boxed elementor-section-height-default elementor-section-height-default\" data-id=\"faa4fad\" data-element_type=\"section\" data-e-type=\"section\">\n\t\t\t\t\t\t<div class=\"elementor-container elementor-column-gap-default\">\n\t\t\t\t\t<div class=\"elementor-column elementor-col-100 elementor-top-column elementor-element elementor-element-c09bf40\" data-id=\"c09bf40\" data-element_type=\"column\" data-e-type=\"column\">\n\t\t\t<div class=\"elementor-widget-wrap elementor-element-populated\">\n\t\t\t\t\t\t\t<\/div>\n\t\t<\/div>\n\t\t\t\t\t<\/div>\n\t\t<\/section>\n\t\t\t\t<\/div>\n\t\t","protected":false},"excerpt":{"rendered":"<p>Branddienstleistungspr\u00fcfung (BDLP) Zweck der Branddienstleistungspr\u00fcfung ist es, die Kenntnisse f\u00fcr den Brandfall zu vertiefen und ein geordnetes, dem Einsatzbefehl entsprechendes und zielf\u00fchrendes Zusammenarbeiten zu \u00fcben und zu festigen. Bei der BDLP treten Gruppen zu je sieben Personen an. Nach jeweils zwei Jahren ist ein Antreten zur n\u00e4chsth\u00f6heren Stufe m\u00f6glich. Dabei werden in der zweiten Stufe [&hellip;]<\/p>\n","protected":false},"author":1,"featured_media":0,"parent":0,"menu_order":0,"comment_status":"closed","ping_status":"closed","template":"","meta":{"_acf_changed":false,"_eb_attr":"","site-sidebar-layout":"no-sidebar","site-content-layout":"page-builder","ast-site-content-layout":"","site-content-style":"default","site-sidebar-style":"default","ast-global-header-display":"","ast-banner-title-visibility":"","ast-main-header-display":"","ast-hfb-above-header-display":"","ast-hfb-below-header-display":"","ast-hfb-mobile-header-display":"","site-post-title":"disabled","ast-breadcrumbs-content":"","ast-featured-img":"disabled","footer-sml-layout":"","theme-transparent-header-meta":"","adv-header-id-meta":"","stick-header-meta":"","header-above-stick-meta":"","header-main-stick-meta":"","header-below-stick-meta":"","astra-migrate-meta-layouts":"default","ast-page-background-enabled":"default","ast-page-background-meta":{"desktop":{"background-color":"var(--ast-global-color-4)","background-image":"","background-repeat":"repeat","background-position":"center center","background-size":"auto","background-attachment":"scroll","background-type":"","background-media":"","overlay-type":"","overlay-color":"","overlay-opacity":"","overlay-gradient":""},"tablet":{"background-color":"","background-image":"","background-repeat":"repeat","background-position":"center center","background-size":"auto","background-attachment":"scroll","background-type":"","background-media":"","overlay-type":"","overlay-color":"","overlay-opacity":"","overlay-gradient":""},"mobile":{"background-color":"","background-image":"","background-repeat":"repeat","background-position":"center center","background-size":"auto","background-attachment":"scroll","background-type":"","background-media":"","overlay-type":"","overlay-color":"","overlay-opacity":"","overlay-gradient":""}},"ast-content-background-meta":{"desktop":{"background-color":"var(--ast-global-color-5)","background-image":"","background-repeat":"repeat","background-position":"center center","background-size":"auto","background-attachment":"scroll","background-type":"","background-media":"","overlay-type":"","overlay-color":"","overlay-opacity":"","overlay-gradient":""},"tablet":{"background-color":"var(--ast-global-color-5)","background-image":"","background-repeat":"repeat","background-position":"center center","background-size":"auto","background-attachment":"scroll","background-type":"","background-media":"","overlay-type":"","overlay-color":"","overlay-opacity":"","overlay-gradient":""},"mobile":{"background-color":"var(--ast-global-color-5)","background-image":"","background-repeat":"repeat","background-position":"center center","background-size":"auto","background-attachment":"scroll","background-type":"","background-media":"","overlay-type":"","overlay-color":"","overlay-opacity":"","overlay-gradient":""}},"ngg_post_thumbnail":0,"footnotes":""},"class_list":["post-20485","page","type-page","status-publish","hentry"],"acf":[],"_links":{"self":[{"href":"https:\/\/www.ff-nitscha.at\/index.php?rest_route=\/wp\/v2\/pages\/20485","targetHints":{"allow":["GET"]}}],"collection":[{"href":"https:\/\/www.ff-nitscha.at\/index.php?rest_route=\/wp\/v2\/pages"}],"about":[{"href":"https:\/\/www.ff-nitscha.at\/index.php?rest_route=\/wp\/v2\/types\/page"}],"author":[{"embeddable":true,"href":"https:\/\/www.ff-nitscha.at\/index.php?rest_route=\/wp\/v2\/users\/1"}],"replies":[{"embeddable":true,"href":"https:\/\/www.ff-nitscha.at\/index.php?rest_route=%2Fwp%2Fv2%2Fcomments&post=20485"}],"version-history":[{"count":16,"href":"https:\/\/www.ff-nitscha.at\/index.php?rest_route=\/wp\/v2\/pages\/20485\/revisions"}],"predecessor-version":[{"id":22119,"href":"https:\/\/www.ff-nitscha.at\/index.php?rest_route=\/wp\/v2\/pages\/20485\/revisions\/22119"}],"wp:attachment":[{"href":"https:\/\/www.ff-nitscha.at\/index.php?rest_route=%2Fwp%2Fv2%2Fmedia&parent=20485"}],"curies":[{"name":"wp","href":"https:\/\/api.w.org\/{rel}","templated":true}]}}