{"id":20510,"date":"2022-02-01T18:35:47","date_gmt":"2022-02-01T18:35:47","guid":{"rendered":"https:\/\/www.ff-nitscha.at\/wptes\/?page_id=20510"},"modified":"2022-03-22T15:38:10","modified_gmt":"2022-03-22T15:38:10","slug":"bewerbe","status":"publish","type":"page","link":"https:\/\/www.ff-nitscha.at\/?page_id=20510","title":{"rendered":"Bewerbe"},"content":{"rendered":"\t\t<div data-elementor-type=\"wp-page\" data-elementor-id=\"20510\" class=\"elementor elementor-20510\">\n\t\t\t\t\t\t<section class=\"elementor-section elementor-top-section elementor-element elementor-element-2489f51 elementor-section-boxed elementor-section-height-default elementor-section-height-default\" data-id=\"2489f51\" data-element_type=\"section\" data-e-type=\"section\">\n\t\t\t\t\t\t<div class=\"elementor-container elementor-column-gap-default\">\n\t\t\t\t\t<div class=\"elementor-column elementor-col-50 elementor-top-column elementor-element elementor-element-f5013d4\" data-id=\"f5013d4\" data-element_type=\"column\" data-e-type=\"column\">\n\t\t\t<div class=\"elementor-widget-wrap elementor-element-populated\">\n\t\t\t\t\t\t<div class=\"elementor-element elementor-element-0c9f38d elementor-position-top elementor-widget elementor-widget-image-box\" data-id=\"0c9f38d\" data-element_type=\"widget\" data-e-type=\"widget\" data-widget_type=\"image-box.default\">\n\t\t\t\t<div class=\"elementor-widget-container\">\n\t\t\t\t\t<div class=\"elementor-image-box-wrapper\"><figure class=\"elementor-image-box-img\"><a href=\"?page_id=20489\" tabindex=\"-1\"><img fetchpriority=\"high\" decoding=\"async\" width=\"768\" height=\"513\" src=\"https:\/\/www.ff-nitscha.at\/wp-content\/uploads\/2022\/03\/DJG_7377-1-768x513.jpg\" class=\"elementor-animation-grow attachment-medium_large size-medium_large wp-image-22485\" alt=\"\" srcset=\"https:\/\/www.ff-nitscha.at\/wp-content\/uploads\/2022\/03\/DJG_7377-1-768x513.jpg 768w, https:\/\/www.ff-nitscha.at\/wp-content\/uploads\/2022\/03\/DJG_7377-1-300x201.jpg 300w, https:\/\/www.ff-nitscha.at\/wp-content\/uploads\/2022\/03\/DJG_7377-1-1024x684.jpg 1024w, https:\/\/www.ff-nitscha.at\/wp-content\/uploads\/2022\/03\/DJG_7377-1-1536x1027.jpg 1536w, https:\/\/www.ff-nitscha.at\/wp-content\/uploads\/2022\/03\/DJG_7377-1-2048x1369.jpg 2048w\" sizes=\"(max-width: 768px) 100vw, 768px\" \/><\/a><\/figure><div class=\"elementor-image-box-content\"><h3 class=\"elementor-image-box-title\"><a href=\"?page_id=20489\">Feuerwehrleistungsabzeichen<\/a><\/h3><\/div><\/div>\t\t\t\t<\/div>\n\t\t\t\t<\/div>\n\t\t\t\t\t<\/div>\n\t\t<\/div>\n\t\t\t\t<div class=\"elementor-column elementor-col-50 elementor-top-column elementor-element elementor-element-098e55b\" data-id=\"098e55b\" data-element_type=\"column\" data-e-type=\"column\">\n\t\t\t<div class=\"elementor-widget-wrap elementor-element-populated\">\n\t\t\t\t\t\t<div class=\"elementor-element elementor-element-9d6307d elementor-position-top elementor-widget elementor-widget-image-box\" data-id=\"9d6307d\" data-element_type=\"widget\" data-e-type=\"widget\" data-widget_type=\"image-box.default\">\n\t\t\t\t<div class=\"elementor-widget-container\">\n\t\t\t\t\t<div class=\"elementor-image-box-wrapper\"><figure class=\"elementor-image-box-img\"><a href=\"?page_id=20487\" tabindex=\"-1\"><img decoding=\"async\" width=\"768\" height=\"512\" src=\"https:\/\/www.ff-nitscha.at\/wp-content\/uploads\/2022\/03\/IMG_1764-1-768x512.jpg\" class=\"elementor-animation-grow attachment-medium_large size-medium_large wp-image-22484\" alt=\"\" srcset=\"https:\/\/www.ff-nitscha.at\/wp-content\/uploads\/2022\/03\/IMG_1764-1-768x512.jpg 768w, https:\/\/www.ff-nitscha.at\/wp-content\/uploads\/2022\/03\/IMG_1764-1-300x200.jpg 300w, https:\/\/www.ff-nitscha.at\/wp-content\/uploads\/2022\/03\/IMG_1764-1-1024x683.jpg 1024w, https:\/\/www.ff-nitscha.at\/wp-content\/uploads\/2022\/03\/IMG_1764-1.jpg 1200w\" sizes=\"(max-width: 768px) 100vw, 768px\" \/><\/a><\/figure><div class=\"elementor-image-box-content\"><h3 class=\"elementor-image-box-title\"><a href=\"?page_id=20487\">Atemschutzleistungspr\u00fcfung<\/a><\/h3><\/div><\/div>\t\t\t\t<\/div>\n\t\t\t\t<\/div>\n\t\t\t\t\t<\/div>\n\t\t<\/div>\n\t\t\t\t\t<\/div>\n\t\t<\/section>\n\t\t\t\t<section class=\"elementor-section elementor-top-section elementor-element elementor-element-434a145 elementor-section-boxed elementor-section-height-default elementor-section-height-default\" data-id=\"434a145\" data-element_type=\"section\" data-e-type=\"section\">\n\t\t\t\t\t\t<div class=\"elementor-container elementor-column-gap-default\">\n\t\t\t\t\t<div class=\"elementor-column elementor-col-50 elementor-top-column elementor-element elementor-element-9244e84\" data-id=\"9244e84\" data-element_type=\"column\" data-e-type=\"column\">\n\t\t\t<div class=\"elementor-widget-wrap elementor-element-populated\">\n\t\t\t\t\t\t<div class=\"elementor-element elementor-element-877f9ce elementor-position-top elementor-widget elementor-widget-image-box\" data-id=\"877f9ce\" data-element_type=\"widget\" data-e-type=\"widget\" data-widget_type=\"image-box.default\">\n\t\t\t\t<div class=\"elementor-widget-container\">\n\t\t\t\t\t<div class=\"elementor-image-box-wrapper\"><figure class=\"elementor-image-box-img\"><a href=\"?page_id=20483\" tabindex=\"-1\"><img decoding=\"async\" width=\"5184\" height=\"3456\" src=\"https:\/\/www.ff-nitscha.at\/wp-content\/uploads\/2022\/03\/IMG_2261-1.jpg\" class=\"elementor-animation-grow attachment-full size-full wp-image-22476\" alt=\"\" \/><\/a><\/figure><div class=\"elementor-image-box-content\"><h3 class=\"elementor-image-box-title\"><a href=\"?page_id=20483\">Technische Hilfeleistungspr\u00fcfung<\/a><\/h3><\/div><\/div>\t\t\t\t<\/div>\n\t\t\t\t<\/div>\n\t\t\t\t\t<\/div>\n\t\t<\/div>\n\t\t\t\t<div class=\"elementor-column elementor-col-50 elementor-top-column elementor-element elementor-element-e972667\" data-id=\"e972667\" data-element_type=\"column\" data-e-type=\"column\">\n\t\t\t<div class=\"elementor-widget-wrap elementor-element-populated\">\n\t\t\t\t\t\t<div class=\"elementor-element elementor-element-490d895 elementor-position-top elementor-widget elementor-widget-image-box\" data-id=\"490d895\" data-element_type=\"widget\" data-e-type=\"widget\" data-widget_type=\"image-box.default\">\n\t\t\t\t<div class=\"elementor-widget-container\">\n\t\t\t\t\t<div class=\"elementor-image-box-wrapper\"><figure class=\"elementor-image-box-img\"><a href=\"?page_id=20485\" tabindex=\"-1\"><img loading=\"lazy\" decoding=\"async\" width=\"800\" height=\"533\" src=\"https:\/\/www.ff-nitscha.at\/wp-content\/uploads\/2022\/03\/IMG_6479-1.jpg\" class=\"elementor-animation-grow attachment-full size-full wp-image-22477\" alt=\"\" srcset=\"https:\/\/www.ff-nitscha.at\/wp-content\/uploads\/2022\/03\/IMG_6479-1.jpg 800w, https:\/\/www.ff-nitscha.at\/wp-content\/uploads\/2022\/03\/IMG_6479-1-300x200.jpg 300w, https:\/\/www.ff-nitscha.at\/wp-content\/uploads\/2022\/03\/IMG_6479-1-768x512.jpg 768w\" sizes=\"(max-width: 800px) 100vw, 800px\" \/><\/a><\/figure><div class=\"elementor-image-box-content\"><h3 class=\"elementor-image-box-title\"><a href=\"?page_id=20485\">Branddienstleistungspr\u00fcfung<\/a><\/h3><\/div><\/div>\t\t\t\t<\/div>\n\t\t\t\t<\/div>\n\t\t\t\t\t<\/div>\n\t\t<\/div>\n\t\t\t\t\t<\/div>\n\t\t<\/section>\n\t\t\t\t<section class=\"elementor-section elementor-top-section elementor-element elementor-element-74f4c47 elementor-section-boxed elementor-section-height-default elementor-section-height-default\" data-id=\"74f4c47\" data-element_type=\"section\" data-e-type=\"section\">\n\t\t\t\t\t\t<div class=\"elementor-container elementor-column-gap-default\">\n\t\t\t\t\t<div class=\"elementor-column elementor-col-50 elementor-top-column elementor-element elementor-element-1b73e5c\" data-id=\"1b73e5c\" data-element_type=\"column\" data-e-type=\"column\">\n\t\t\t<div class=\"elementor-widget-wrap elementor-element-populated\">\n\t\t\t\t\t\t<div class=\"elementor-element elementor-element-3800cc7 elementor-position-top elementor-widget elementor-widget-image-box\" data-id=\"3800cc7\" data-element_type=\"widget\" data-e-type=\"widget\" data-widget_type=\"image-box.default\">\n\t\t\t\t<div class=\"elementor-widget-container\">\n\t\t\t\t\t<div class=\"elementor-image-box-wrapper\"><figure class=\"elementor-image-box-img\"><a href=\"?page_id=20652\" tabindex=\"-1\"><img loading=\"lazy\" decoding=\"async\" width=\"1200\" height=\"762\" src=\"https:\/\/www.ff-nitscha.at\/wp-content\/uploads\/2022\/03\/1-1.jpg\" class=\"elementor-animation-grow attachment-full size-full wp-image-22478\" alt=\"\" srcset=\"https:\/\/www.ff-nitscha.at\/wp-content\/uploads\/2022\/03\/1-1.jpg 1200w, https:\/\/www.ff-nitscha.at\/wp-content\/uploads\/2022\/03\/1-1-300x191.jpg 300w, https:\/\/www.ff-nitscha.at\/wp-content\/uploads\/2022\/03\/1-1-1024x650.jpg 1024w, https:\/\/www.ff-nitscha.at\/wp-content\/uploads\/2022\/03\/1-1-768x488.jpg 768w\" sizes=\"(max-width: 1200px) 100vw, 1200px\" \/><\/a><\/figure><div class=\"elementor-image-box-content\"><h3 class=\"elementor-image-box-title\"><a href=\"?page_id=20652\">Funkleistungsabzeichen<\/a><\/h3><\/div><\/div>\t\t\t\t<\/div>\n\t\t\t\t<\/div>\n\t\t\t\t\t<\/div>\n\t\t<\/div>\n\t\t\t\t<div class=\"elementor-column elementor-col-50 elementor-top-column elementor-element elementor-element-1a4216c\" data-id=\"1a4216c\" data-element_type=\"column\" data-e-type=\"column\">\n\t\t\t<div class=\"elementor-widget-wrap elementor-element-populated\">\n\t\t\t\t\t\t<div class=\"elementor-element elementor-element-43d6a4a elementor-position-top elementor-widget elementor-widget-image-box\" data-id=\"43d6a4a\" data-element_type=\"widget\" data-e-type=\"widget\" data-widget_type=\"image-box.default\">\n\t\t\t\t<div class=\"elementor-widget-container\">\n\t\t\t\t\t<div class=\"elementor-image-box-wrapper\"><figure class=\"elementor-image-box-img\"><a href=\"?page_id=20491\" tabindex=\"-1\"><img loading=\"lazy\" decoding=\"async\" width=\"768\" height=\"576\" src=\"https:\/\/www.ff-nitscha.at\/wp-content\/uploads\/2022\/03\/IMG_4983-1-768x576.jpg\" class=\"elementor-animation-grow attachment-medium_large size-medium_large wp-image-22479\" alt=\"\" srcset=\"https:\/\/www.ff-nitscha.at\/wp-content\/uploads\/2022\/03\/IMG_4983-1-768x576.jpg 768w, https:\/\/www.ff-nitscha.at\/wp-content\/uploads\/2022\/03\/IMG_4983-1-300x225.jpg 300w, https:\/\/www.ff-nitscha.at\/wp-content\/uploads\/2022\/03\/IMG_4983-1-1024x768.jpg 1024w, https:\/\/www.ff-nitscha.at\/wp-content\/uploads\/2022\/03\/IMG_4983-1.jpg 1200w\" sizes=\"(max-width: 768px) 100vw, 768px\" \/><\/a><\/figure><div class=\"elementor-image-box-content\"><h3 class=\"elementor-image-box-title\"><a href=\"?page_id=20491\">Wasserwehrleistungsabzeichen<\/a><\/h3><\/div><\/div>\t\t\t\t<\/div>\n\t\t\t\t<\/div>\n\t\t\t\t\t<\/div>\n\t\t<\/div>\n\t\t\t\t\t<\/div>\n\t\t<\/section>\n\t\t\t\t<section class=\"elementor-section elementor-top-section elementor-element elementor-element-5240e9f elementor-section-boxed elementor-section-height-default elementor-section-height-default\" data-id=\"5240e9f\" data-element_type=\"section\" data-e-type=\"section\">\n\t\t\t\t\t\t<div class=\"elementor-container elementor-column-gap-default\">\n\t\t\t\t\t<div class=\"elementor-column elementor-col-100 elementor-top-column elementor-element elementor-element-a25cb77\" data-id=\"a25cb77\" data-element_type=\"column\" data-e-type=\"column\">\n\t\t\t<div class=\"elementor-widget-wrap elementor-element-populated\">\n\t\t\t\t\t\t<div class=\"elementor-element elementor-element-e104a21 elementor-position-top elementor-widget elementor-widget-image-box\" data-id=\"e104a21\" data-element_type=\"widget\" data-e-type=\"widget\" data-widget_type=\"image-box.default\">\n\t\t\t\t<div class=\"elementor-widget-container\">\n\t\t\t\t\t<div class=\"elementor-image-box-wrapper\"><figure class=\"elementor-image-box-img\"><a href=\"?page_id=20664\" tabindex=\"-1\"><img loading=\"lazy\" decoding=\"async\" width=\"768\" height=\"512\" src=\"https:\/\/www.ff-nitscha.at\/wp-content\/uploads\/2022\/03\/48775002367_cc8a97a8d2_o-1-768x512.jpg\" class=\"elementor-animation-grow attachment-medium_large size-medium_large wp-image-22480\" alt=\"\" srcset=\"https:\/\/www.ff-nitscha.at\/wp-content\/uploads\/2022\/03\/48775002367_cc8a97a8d2_o-1-768x512.jpg 768w, https:\/\/www.ff-nitscha.at\/wp-content\/uploads\/2022\/03\/48775002367_cc8a97a8d2_o-1-300x200.jpg 300w, https:\/\/www.ff-nitscha.at\/wp-content\/uploads\/2022\/03\/48775002367_cc8a97a8d2_o-1-1024x683.jpg 1024w, https:\/\/www.ff-nitscha.at\/wp-content\/uploads\/2022\/03\/48775002367_cc8a97a8d2_o-1.jpg 1200w\" sizes=\"(max-width: 768px) 100vw, 768px\" \/><\/a><\/figure><div class=\"elementor-image-box-content\"><h3 class=\"elementor-image-box-title\"><a href=\"?page_id=20664\">Sanit\u00e4tsleistungspr\u00fcfung<\/a><\/h3><\/div><\/div>\t\t\t\t<\/div>\n\t\t\t\t<\/div>\n\t\t\t\t\t<\/div>\n\t\t<\/div>\n\t\t\t\t\t<\/div>\n\t\t<\/section>\n\t\t\t\t<\/div>\n\t\t","protected":false},"excerpt":{"rendered":"<p>Feuerwehrleistungsabzeichen Atemschutzleistungspr\u00fcfung Technische Hilfeleistungspr\u00fcfung Branddienstleistungspr\u00fcfung Funkleistungsabzeichen Wasserwehrleistungsabzeichen Sanit\u00e4tsleistungspr\u00fcfung<\/p>\n","protected":false},"author":1,"featured_media":0,"parent":0,"menu_order":0,"comment_status":"closed","ping_status":"closed","template":"","meta":{"_acf_changed":false,"_eb_attr":"","site-sidebar-layout":"no-sidebar","site-content-layout":"page-builder","ast-site-content-layout":"","site-content-style":"default","site-sidebar-style":"default","ast-global-header-display":"","ast-banner-title-visibility":"","ast-main-header-display":"","ast-hfb-above-header-display":"","ast-hfb-below-header-display":"","ast-hfb-mobile-header-display":"","site-post-title":"disabled","ast-breadcrumbs-content":"","ast-featured-img":"disabled","footer-sml-layout":"","theme-transparent-header-meta":"","adv-header-id-meta":"","stick-header-meta":"","header-above-stick-meta":"","header-main-stick-meta":"","header-below-stick-meta":"","astra-migrate-meta-layouts":"default","ast-page-background-enabled":"default","ast-page-background-meta":{"desktop":{"background-color":"var(--ast-global-color-4)","background-image":"","background-repeat":"repeat","background-position":"center center","background-size":"auto","background-attachment":"scroll","background-type":"","background-media":"","overlay-type":"","overlay-color":"","overlay-opacity":"","overlay-gradient":""},"tablet":{"background-color":"","background-image":"","background-repeat":"repeat","background-position":"center center","background-size":"auto","background-attachment":"scroll","background-type":"","background-media":"","overlay-type":"","overlay-color":"","overlay-opacity":"","overlay-gradient":""},"mobile":{"background-color":"","background-image":"","background-repeat":"repeat","background-position":"center center","background-size":"auto","background-attachment":"scroll","background-type":"","background-media":"","overlay-type":"","overlay-color":"","overlay-opacity":"","overlay-gradient":""}},"ast-content-background-meta":{"desktop":{"background-color":"var(--ast-global-color-5)","background-image":"","background-repeat":"repeat","background-position":"center center","background-size":"auto","background-attachment":"scroll","background-type":"","background-media":"","overlay-type":"","overlay-color":"","overlay-opacity":"","overlay-gradient":""},"tablet":{"background-color":"var(--ast-global-color-5)","background-image":"","background-repeat":"repeat","background-position":"center center","background-size":"auto","background-attachment":"scroll","background-type":"","background-media":"","overlay-type":"","overlay-color":"","overlay-opacity":"","overlay-gradient":""},"mobile":{"background-color":"var(--ast-global-color-5)","background-image":"","background-repeat":"repeat","background-position":"center center","background-size":"auto","background-attachment":"scroll","background-type":"","background-media":"","overlay-type":"","overlay-color":"","overlay-opacity":"","overlay-gradient":""}},"ngg_post_thumbnail":0,"footnotes":""},"class_list":["post-20510","page","type-page","status-publish","hentry"],"acf":[],"_links":{"self":[{"href":"https:\/\/www.ff-nitscha.at\/index.php?rest_route=\/wp\/v2\/pages\/20510","targetHints":{"allow":["GET"]}}],"collection":[{"href":"https:\/\/www.ff-nitscha.at\/index.php?rest_route=\/wp\/v2\/pages"}],"about":[{"href":"https:\/\/www.ff-nitscha.at\/index.php?rest_route=\/wp\/v2\/types\/page"}],"author":[{"embeddable":true,"href":"https:\/\/www.ff-nitscha.at\/index.php?rest_route=\/wp\/v2\/users\/1"}],"replies":[{"embeddable":true,"href":"https:\/\/www.ff-nitscha.at\/index.php?rest_route=%2Fwp%2Fv2%2Fcomments&post=20510"}],"version-history":[{"count":43,"href":"https:\/\/www.ff-nitscha.at\/index.php?rest_route=\/wp\/v2\/pages\/20510\/revisions"}],"predecessor-version":[{"id":22704,"href":"https:\/\/www.ff-nitscha.at\/index.php?rest_route=\/wp\/v2\/pages\/20510\/revisions\/22704"}],"wp:attachment":[{"href":"https:\/\/www.ff-nitscha.at\/index.php?rest_route=%2Fwp%2Fv2%2Fmedia&parent=20510"}],"curies":[{"name":"wp","href":"https:\/\/api.w.org\/{rel}","templated":true}]}}