{"id":20888,"date":"2022-02-05T10:10:33","date_gmt":"2022-02-05T10:10:33","guid":{"rendered":"https:\/\/www.ff-nitscha.at\/wptes\/?page_id=20888"},"modified":"2022-03-30T18:27:18","modified_gmt":"2022-03-30T17:27:18","slug":"ausbildung","status":"publish","type":"page","link":"https:\/\/www.ff-nitscha.at\/?page_id=20888","title":{"rendered":"Ausbildung"},"content":{"rendered":"\t\t<div data-elementor-type=\"wp-page\" data-elementor-id=\"20888\" class=\"elementor elementor-20888\">\n\t\t\t\t\t\t<section class=\"elementor-section elementor-top-section elementor-element elementor-element-86789a3 elementor-section-boxed elementor-section-height-default elementor-section-height-default\" data-id=\"86789a3\" data-element_type=\"section\" data-e-type=\"section\">\n\t\t\t\t\t\t<div class=\"elementor-container elementor-column-gap-default\">\n\t\t\t\t\t<div class=\"elementor-column elementor-col-100 elementor-top-column elementor-element elementor-element-a486975\" data-id=\"a486975\" data-element_type=\"column\" data-e-type=\"column\">\n\t\t\t<div class=\"elementor-widget-wrap elementor-element-populated\">\n\t\t\t\t\t\t<div class=\"elementor-element elementor-element-4223a4b elementor-widget elementor-widget-heading\" data-id=\"4223a4b\" data-element_type=\"widget\" data-e-type=\"widget\" data-widget_type=\"heading.default\">\n\t\t\t\t<div class=\"elementor-widget-container\">\n\t\t\t\t\t<h2 class=\"elementor-heading-title elementor-size-default\">Ausbildung<\/h2>\t\t\t\t<\/div>\n\t\t\t\t<\/div>\n\t\t\t\t\t<\/div>\n\t\t<\/div>\n\t\t\t\t\t<\/div>\n\t\t<\/section>\n\t\t\t\t<section class=\"elementor-section elementor-top-section elementor-element elementor-element-7a38b50 elementor-section-boxed elementor-section-height-default elementor-section-height-default\" data-id=\"7a38b50\" data-element_type=\"section\" data-e-type=\"section\">\n\t\t\t\t\t\t<div class=\"elementor-container elementor-column-gap-default\">\n\t\t\t\t\t<div class=\"elementor-column elementor-col-100 elementor-top-column elementor-element elementor-element-edd9a1a\" data-id=\"edd9a1a\" data-element_type=\"column\" data-e-type=\"column\">\n\t\t\t<div class=\"elementor-widget-wrap elementor-element-populated\">\n\t\t\t\t\t\t<div class=\"elementor-element elementor-element-c98719a elementor-widget elementor-widget-text-editor\" data-id=\"c98719a\" data-element_type=\"widget\" data-e-type=\"widget\" data-widget_type=\"text-editor.default\">\n\t\t\t\t<div class=\"elementor-widget-container\">\n\t\t\t\t\t\t\t\t\t<p>Um von der Feuerwehrjugend oder als Quereinsteiger in den aktiven Feuerwehrdienst einzutreten, muss zuerst die Grundausbildung 1 (GAB 1) und die Grundausbildung 2 (GAB 2) absolviert werden. F\u00fcr die GAB 1 wird zusammen mit dem Abschnitt Gleisdorf ge\u00fcbt, wobei am Ende eine Pr\u00fcfung abzulegen ist, die sich in einen praktischen Teil und in einen theoretischen Teil gliedert. Beim praktischen Teil sind zwei Brandeins\u00e4tze und ein technischer Einsatz abzuarbeiten. Beim theoretischen Teil m\u00fcssen die Teilnehmer zahlreiche Fragen richtig beantworten. Die GAB 2 Ausbildung dauert einen Tag und findet in der Feuerwehr und Zivilschutzschule in Lebring statt.<\/p>\n<p>Um das Gelernte aus der Grundausbildung zu festigen und zu erweitern, werden zus\u00e4tzlich zu den regelm\u00e4\u00dfig durchgef\u00fchrten Gesamt\u00fcbungen, bei der alle Mitglieder der Feuerwehr teilnehmen, kleine Gruppen\u00fcbungen durchgef\u00fchrt. Diese zus\u00e4tzlichen \u00dcbungen richten sich speziell f\u00fcr Neue, in den aktiven Feuerwehrdienst eingetretene Kameradinnen und Kameraden und begleitet sie in den ersten Jahren. Bei diesen Gruppen\u00fcbungen werden reale Einsatzszenarien be\u00fcbt, die sowohl Brand- oder auch technische Eins\u00e4tze sein k\u00f6nnen. Ebenfalls werden unsere Mitglieder in verschiedene Themenbereiche des Feuerwehrdienstes, zusammen mit den jeweiligen Beauftragten ausgebildet, wie z.B. im Funk- oder im Sanit\u00e4tswesen.<br>Zu der feuerwehrinternen Aus- und Weiterbildung gibt es noch Ausbildungskurse in der Feuerwehr und Zivilschutzschule in Lebring, bei denen verschiedene Themenschwerpunkte gelehrt werden. Diese Kurse dauern zwischen einem und vier Tage.<\/p>\t\t\t\t\t\t\t\t<\/div>\n\t\t\t\t<\/div>\n\t\t\t\t\t<\/div>\n\t\t<\/div>\n\t\t\t\t\t<\/div>\n\t\t<\/section>\n\t\t\t\t<section class=\"elementor-section elementor-top-section elementor-element elementor-element-f6a7aac elementor-section-boxed elementor-section-height-default elementor-section-height-default\" data-id=\"f6a7aac\" data-element_type=\"section\" data-e-type=\"section\">\n\t\t\t\t\t\t<div class=\"elementor-container elementor-column-gap-default\">\n\t\t\t\t\t<div class=\"elementor-column elementor-col-100 elementor-top-column elementor-element elementor-element-020daac\" data-id=\"020daac\" data-element_type=\"column\" data-e-type=\"column\">\n\t\t\t<div class=\"elementor-widget-wrap elementor-element-populated\">\n\t\t\t\t\t\t\t<\/div>\n\t\t<\/div>\n\t\t\t\t\t<\/div>\n\t\t<\/section>\n\t\t\t\t<\/div>\n\t\t","protected":false},"excerpt":{"rendered":"<p>Ausbildung Um von der Feuerwehrjugend oder als Quereinsteiger in den aktiven Feuerwehrdienst einzutreten, muss zuerst die Grundausbildung 1 (GAB 1) und die Grundausbildung 2 (GAB 2) absolviert werden. F\u00fcr die GAB 1 wird zusammen mit dem Abschnitt Gleisdorf ge\u00fcbt, wobei am Ende eine Pr\u00fcfung abzulegen ist, die sich in einen praktischen Teil und in einen [&hellip;]<\/p>\n","protected":false},"author":1,"featured_media":0,"parent":0,"menu_order":0,"comment_status":"closed","ping_status":"closed","template":"","meta":{"_acf_changed":false,"_eb_attr":"","site-sidebar-layout":"no-sidebar","site-content-layout":"page-builder","ast-site-content-layout":"","site-content-style":"default","site-sidebar-style":"default","ast-global-header-display":"","ast-banner-title-visibility":"","ast-main-header-display":"","ast-hfb-above-header-display":"","ast-hfb-below-header-display":"","ast-hfb-mobile-header-display":"","site-post-title":"disabled","ast-breadcrumbs-content":"","ast-featured-img":"disabled","footer-sml-layout":"","theme-transparent-header-meta":"","adv-header-id-meta":"","stick-header-meta":"","header-above-stick-meta":"","header-main-stick-meta":"","header-below-stick-meta":"","astra-migrate-meta-layouts":"default","ast-page-background-enabled":"default","ast-page-background-meta":{"desktop":{"background-color":"var(--ast-global-color-4)","background-image":"","background-repeat":"repeat","background-position":"center center","background-size":"auto","background-attachment":"scroll","background-type":"","background-media":"","overlay-type":"","overlay-color":"","overlay-opacity":"","overlay-gradient":""},"tablet":{"background-color":"","background-image":"","background-repeat":"repeat","background-position":"center center","background-size":"auto","background-attachment":"scroll","background-type":"","background-media":"","overlay-type":"","overlay-color":"","overlay-opacity":"","overlay-gradient":""},"mobile":{"background-color":"","background-image":"","background-repeat":"repeat","background-position":"center center","background-size":"auto","background-attachment":"scroll","background-type":"","background-media":"","overlay-type":"","overlay-color":"","overlay-opacity":"","overlay-gradient":""}},"ast-content-background-meta":{"desktop":{"background-color":"var(--ast-global-color-5)","background-image":"","background-repeat":"repeat","background-position":"center center","background-size":"auto","background-attachment":"scroll","background-type":"","background-media":"","overlay-type":"","overlay-color":"","overlay-opacity":"","overlay-gradient":""},"tablet":{"background-color":"var(--ast-global-color-5)","background-image":"","background-repeat":"repeat","background-position":"center center","background-size":"auto","background-attachment":"scroll","background-type":"","background-media":"","overlay-type":"","overlay-color":"","overlay-opacity":"","overlay-gradient":""},"mobile":{"background-color":"var(--ast-global-color-5)","background-image":"","background-repeat":"repeat","background-position":"center center","background-size":"auto","background-attachment":"scroll","background-type":"","background-media":"","overlay-type":"","overlay-color":"","overlay-opacity":"","overlay-gradient":""}},"ngg_post_thumbnail":0,"footnotes":""},"class_list":["post-20888","page","type-page","status-publish","hentry"],"acf":[],"_links":{"self":[{"href":"https:\/\/www.ff-nitscha.at\/index.php?rest_route=\/wp\/v2\/pages\/20888","targetHints":{"allow":["GET"]}}],"collection":[{"href":"https:\/\/www.ff-nitscha.at\/index.php?rest_route=\/wp\/v2\/pages"}],"about":[{"href":"https:\/\/www.ff-nitscha.at\/index.php?rest_route=\/wp\/v2\/types\/page"}],"author":[{"embeddable":true,"href":"https:\/\/www.ff-nitscha.at\/index.php?rest_route=\/wp\/v2\/users\/1"}],"replies":[{"embeddable":true,"href":"https:\/\/www.ff-nitscha.at\/index.php?rest_route=%2Fwp%2Fv2%2Fcomments&post=20888"}],"version-history":[{"count":13,"href":"https:\/\/www.ff-nitscha.at\/index.php?rest_route=\/wp\/v2\/pages\/20888\/revisions"}],"predecessor-version":[{"id":22891,"href":"https:\/\/www.ff-nitscha.at\/index.php?rest_route=\/wp\/v2\/pages\/20888\/revisions\/22891"}],"wp:attachment":[{"href":"https:\/\/www.ff-nitscha.at\/index.php?rest_route=%2Fwp%2Fv2%2Fmedia&parent=20888"}],"curies":[{"name":"wp","href":"https:\/\/api.w.org\/{rel}","templated":true}]}}