{"id":20895,"date":"2022-02-05T10:11:52","date_gmt":"2022-02-05T10:11:52","guid":{"rendered":"https:\/\/www.ff-nitscha.at\/wptes\/?page_id=20895"},"modified":"2022-03-11T16:52:43","modified_gmt":"2022-03-11T16:52:43","slug":"sanitaet","status":"publish","type":"page","link":"https:\/\/www.ff-nitscha.at\/?page_id=20895","title":{"rendered":"Sanit\u00e4t"},"content":{"rendered":"\t\t<div data-elementor-type=\"wp-page\" data-elementor-id=\"20895\" class=\"elementor elementor-20895\">\n\t\t\t\t\t\t<section class=\"elementor-section elementor-top-section elementor-element elementor-element-0703fa2 elementor-section-boxed elementor-section-height-default elementor-section-height-default\" data-id=\"0703fa2\" data-element_type=\"section\" data-e-type=\"section\">\n\t\t\t\t\t\t<div class=\"elementor-container elementor-column-gap-default\">\n\t\t\t\t\t<div class=\"elementor-column elementor-col-100 elementor-top-column elementor-element elementor-element-967112c\" data-id=\"967112c\" data-element_type=\"column\" data-e-type=\"column\">\n\t\t\t<div class=\"elementor-widget-wrap elementor-element-populated\">\n\t\t\t\t\t\t<div class=\"elementor-element elementor-element-4ee4284 elementor-widget elementor-widget-heading\" data-id=\"4ee4284\" data-element_type=\"widget\" data-e-type=\"widget\" data-widget_type=\"heading.default\">\n\t\t\t\t<div class=\"elementor-widget-container\">\n\t\t\t\t\t<h2 class=\"elementor-heading-title elementor-size-default\">Sanit\u00e4t<\/h2>\t\t\t\t<\/div>\n\t\t\t\t<\/div>\n\t\t\t\t\t<\/div>\n\t\t<\/div>\n\t\t\t\t\t<\/div>\n\t\t<\/section>\n\t\t\t\t<section class=\"elementor-section elementor-top-section elementor-element elementor-element-7839211 elementor-section-boxed elementor-section-height-default elementor-section-height-default\" data-id=\"7839211\" data-element_type=\"section\" data-e-type=\"section\">\n\t\t\t\t\t\t<div class=\"elementor-container elementor-column-gap-default\">\n\t\t\t\t\t<div class=\"elementor-column elementor-col-100 elementor-top-column elementor-element elementor-element-b319668\" data-id=\"b319668\" data-element_type=\"column\" data-e-type=\"column\">\n\t\t\t<div class=\"elementor-widget-wrap elementor-element-populated\">\n\t\t\t\t\t\t<div class=\"elementor-element elementor-element-b590c40 elementor-widget elementor-widget-text-editor\" data-id=\"b590c40\" data-element_type=\"widget\" data-e-type=\"widget\" data-widget_type=\"text-editor.default\">\n\t\t\t\t<div class=\"elementor-widget-container\">\n\t\t\t\t\t\t\t\t\t<p style=\"font-size: 17px; font-style: normal; font-weight: 400;\"><span style=\"background-color: var(--ast-global-color-5);\">Der Feuerwehrsanit\u00e4ter ist vorwiegend f\u00fcr die Erstversorgung und die Betreuung verletzter Personen im Gefahrenbereich verantwortlich. Der Feuerwehrsanit\u00e4ter ersetzt nicht das Rote Kreuz oder den Notarzt! <\/span>Sie werden eigens ausgebildet, um in Gefahrensituationen verletzte Personen zu versorgen, bis der Zugang f\u00fcr das Rote Kreuz bzw. den Notarzt m\u00f6glich ist.&nbsp;<span style=\"background-color: var(--ast-global-color-5);\">Die Ausbildung der Feuerwehrsanit\u00e4ter findet an der Landesfeuerwehr- und Zivilschutzschule in Lebring, in Zusammenarbeit mit dem Roten Kreuz, statt.<\/span><\/p>\n<p style=\"font-size: 17px; font-style: normal; font-weight: 400;\">\n<\/p><p style=\"font-size: 17px; font-style: normal; font-weight: 400;\">Jede Feuerwehr hat einen Sanit\u00e4tsbeauftragten. Dieser ist f\u00fcr die Erste-Hilfe-Rucks\u00e4cke in den Einsatzfahrzeugen verantwortlich. Er \u00fcbernimmt die Wartung der Rucks\u00e4cke und best\u00fcckt sie nach jedem Gebrauch.<\/p>\n<p style=\"font-size: 17px; font-style: normal; font-weight: 400;\">Weiters liegt es in seiner Verantwortung, dass die Kameradinnen und Kammeraden gut geschult in den Einsatz gehen. Dazu z\u00e4hlen \u00dcbungen mit den Sanit\u00e4tern sowie \u00dcbungen mit der Gruppe und die Ersten-Hilfe-Kurse, die alle 4 Jahre zu besuchen sind.<\/p>\t\t\t\t\t\t\t\t<\/div>\n\t\t\t\t<\/div>\n\t\t\t\t\t<\/div>\n\t\t<\/div>\n\t\t\t\t\t<\/div>\n\t\t<\/section>\n\t\t\t\t<section class=\"elementor-section elementor-top-section elementor-element elementor-element-0ab2fd7 elementor-section-boxed elementor-section-height-default elementor-section-height-default\" data-id=\"0ab2fd7\" data-element_type=\"section\" data-e-type=\"section\">\n\t\t\t\t\t\t<div class=\"elementor-container elementor-column-gap-default\">\n\t\t\t\t\t<div class=\"elementor-column elementor-col-100 elementor-top-column elementor-element elementor-element-fd38ef7\" data-id=\"fd38ef7\" data-element_type=\"column\" data-e-type=\"column\">\n\t\t\t<div class=\"elementor-widget-wrap elementor-element-populated\">\n\t\t\t\t\t\t\t<\/div>\n\t\t<\/div>\n\t\t\t\t\t<\/div>\n\t\t<\/section>\n\t\t\t\t<\/div>\n\t\t","protected":false},"excerpt":{"rendered":"<p>Sanit\u00e4t Der Feuerwehrsanit\u00e4ter ist vorwiegend f\u00fcr die Erstversorgung und die Betreuung verletzter Personen im Gefahrenbereich verantwortlich. Der Feuerwehrsanit\u00e4ter ersetzt nicht das Rote Kreuz oder den Notarzt! Sie werden eigens ausgebildet, um in Gefahrensituationen verletzte Personen zu versorgen, bis der Zugang f\u00fcr das Rote Kreuz bzw. den Notarzt m\u00f6glich ist.&nbsp;Die Ausbildung der Feuerwehrsanit\u00e4ter findet an der [&hellip;]<\/p>\n","protected":false},"author":1,"featured_media":0,"parent":0,"menu_order":0,"comment_status":"closed","ping_status":"closed","template":"","meta":{"_acf_changed":false,"_eb_attr":"","site-sidebar-layout":"no-sidebar","site-content-layout":"page-builder","ast-site-content-layout":"","site-content-style":"default","site-sidebar-style":"default","ast-global-header-display":"","ast-banner-title-visibility":"","ast-main-header-display":"","ast-hfb-above-header-display":"","ast-hfb-below-header-display":"","ast-hfb-mobile-header-display":"","site-post-title":"disabled","ast-breadcrumbs-content":"","ast-featured-img":"disabled","footer-sml-layout":"","theme-transparent-header-meta":"","adv-header-id-meta":"","stick-header-meta":"","header-above-stick-meta":"","header-main-stick-meta":"","header-below-stick-meta":"","astra-migrate-meta-layouts":"default","ast-page-background-enabled":"default","ast-page-background-meta":{"desktop":{"background-color":"var(--ast-global-color-4)","background-image":"","background-repeat":"repeat","background-position":"center center","background-size":"auto","background-attachment":"scroll","background-type":"","background-media":"","overlay-type":"","overlay-color":"","overlay-opacity":"","overlay-gradient":""},"tablet":{"background-color":"","background-image":"","background-repeat":"repeat","background-position":"center center","background-size":"auto","background-attachment":"scroll","background-type":"","background-media":"","overlay-type":"","overlay-color":"","overlay-opacity":"","overlay-gradient":""},"mobile":{"background-color":"","background-image":"","background-repeat":"repeat","background-position":"center center","background-size":"auto","background-attachment":"scroll","background-type":"","background-media":"","overlay-type":"","overlay-color":"","overlay-opacity":"","overlay-gradient":""}},"ast-content-background-meta":{"desktop":{"background-color":"var(--ast-global-color-5)","background-image":"","background-repeat":"repeat","background-position":"center center","background-size":"auto","background-attachment":"scroll","background-type":"","background-media":"","overlay-type":"","overlay-color":"","overlay-opacity":"","overlay-gradient":""},"tablet":{"background-color":"var(--ast-global-color-5)","background-image":"","background-repeat":"repeat","background-position":"center center","background-size":"auto","background-attachment":"scroll","background-type":"","background-media":"","overlay-type":"","overlay-color":"","overlay-opacity":"","overlay-gradient":""},"mobile":{"background-color":"var(--ast-global-color-5)","background-image":"","background-repeat":"repeat","background-position":"center center","background-size":"auto","background-attachment":"scroll","background-type":"","background-media":"","overlay-type":"","overlay-color":"","overlay-opacity":"","overlay-gradient":""}},"ngg_post_thumbnail":0,"footnotes":""},"class_list":["post-20895","page","type-page","status-publish","hentry"],"acf":[],"_links":{"self":[{"href":"https:\/\/www.ff-nitscha.at\/index.php?rest_route=\/wp\/v2\/pages\/20895","targetHints":{"allow":["GET"]}}],"collection":[{"href":"https:\/\/www.ff-nitscha.at\/index.php?rest_route=\/wp\/v2\/pages"}],"about":[{"href":"https:\/\/www.ff-nitscha.at\/index.php?rest_route=\/wp\/v2\/types\/page"}],"author":[{"embeddable":true,"href":"https:\/\/www.ff-nitscha.at\/index.php?rest_route=\/wp\/v2\/users\/1"}],"replies":[{"embeddable":true,"href":"https:\/\/www.ff-nitscha.at\/index.php?rest_route=%2Fwp%2Fv2%2Fcomments&post=20895"}],"version-history":[{"count":13,"href":"https:\/\/www.ff-nitscha.at\/index.php?rest_route=\/wp\/v2\/pages\/20895\/revisions"}],"predecessor-version":[{"id":22102,"href":"https:\/\/www.ff-nitscha.at\/index.php?rest_route=\/wp\/v2\/pages\/20895\/revisions\/22102"}],"wp:attachment":[{"href":"https:\/\/www.ff-nitscha.at\/index.php?rest_route=%2Fwp%2Fv2%2Fmedia&parent=20895"}],"curies":[{"name":"wp","href":"https:\/\/api.w.org\/{rel}","templated":true}]}}